{"id":103,"date":"2023-09-10T14:39:31","date_gmt":"2023-09-10T18:39:31","guid":{"rendered":"https:\/\/dannyyandrealopez.com\/?page_id=103"},"modified":"2025-02-04T15:25:15","modified_gmt":"2025-02-04T20:25:15","slug":"acerca-de-nosotros","status":"publish","type":"page","link":"https:\/\/dannyyandrealopez.com\/en\/","title":{"rendered":"Acerca de Nosotros"},"content":{"rendered":"<div data-elementor-type=\"wp-page\" data-elementor-id=\"103\" class=\"elementor elementor-103\">\n\t\t\t\t\t\t<section class=\"elementor-section elementor-top-section elementor-element elementor-element-5a1a990 elementor-section-full_width elementor-section-height-default elementor-section-height-default\" data-id=\"5a1a990\" data-element_type=\"section\" data-settings=\"{&quot;background_background&quot;:&quot;classic&quot;}\">\n\t\t\t\t\t\t<div class=\"elementor-container elementor-column-gap-default\">\n\t\t\t\t\t<div class=\"elementor-column elementor-col-100 elementor-top-column elementor-element elementor-element-5ce716e\" data-id=\"5ce716e\" data-element_type=\"column\" data-settings=\"{&quot;background_background&quot;:&quot;classic&quot;}\">\n\t\t\t<div class=\"elementor-widget-wrap elementor-element-populated\">\n\t\t\t\t\t\t<div class=\"elementor-element elementor-element-39f198e elementor-widget elementor-widget-heading\" data-id=\"39f198e\" data-element_type=\"widget\" data-widget_type=\"heading.default\">\n\t\t\t\t<div class=\"elementor-widget-container\">\n\t\t\t<h2 class=\"elementor-heading-title elementor-size-default\"><i>Danny y Andrea Lopez<\/i><\/h2>\t\t<\/div>\n\t\t\t\t<\/div>\n\t\t\t\t\t<\/div>\n\t\t<\/div>\n\t\t\t\t\t<\/div>\n\t\t<\/section>\n\t\t\t\t<section class=\"elementor-section elementor-top-section elementor-element elementor-element-94a541c elementor-section-full_width elementor-section-height-default elementor-section-height-default\" data-id=\"94a541c\" data-element_type=\"section\">\n\t\t\t\t\t\t<div class=\"elementor-container elementor-column-gap-default\">\n\t\t\t\t\t<div class=\"elementor-column elementor-col-100 elementor-top-column elementor-element elementor-element-1428d2d\" data-id=\"1428d2d\" data-element_type=\"column\">\n\t\t\t<div class=\"elementor-widget-wrap elementor-element-populated\">\n\t\t\t\t\t\t<div class=\"elementor-element elementor-element-ec249b0 elementor-widget elementor-widget-heading\" data-id=\"ec249b0\" data-element_type=\"widget\" data-widget_type=\"heading.default\">\n\t\t\t\t<div class=\"elementor-widget-container\">\n\t\t\t<h2 class=\"elementor-heading-title elementor-size-default\">Acerca de Nosotros<\/h2>\t\t<\/div>\n\t\t\t\t<\/div>\n\t\t\t\t<section class=\"elementor-section elementor-inner-section elementor-element elementor-element-9be8031 elementor-section-boxed elementor-section-height-default elementor-section-height-default\" data-id=\"9be8031\" data-element_type=\"section\">\n\t\t\t\t\t\t<div class=\"elementor-container elementor-column-gap-default\">\n\t\t\t\t\t<div class=\"elementor-column elementor-col-50 elementor-inner-column elementor-element elementor-element-e5c83ef\" data-id=\"e5c83ef\" data-element_type=\"column\">\n\t\t\t<div class=\"elementor-widget-wrap elementor-element-populated\">\n\t\t\t\t\t\t<div class=\"elementor-element elementor-element-0c6c776 elementor-widget__width-initial elementor-widget elementor-widget-text-editor\" data-id=\"0c6c776\" data-element_type=\"widget\" data-widget_type=\"text-editor.default\">\n\t\t\t\t<div class=\"elementor-widget-container\">\n\t\t\t\t\t\t\t<h3 style=\"text-align: left; font-style: italic;\">Danny Lopez<\/h3><p>Soy Venezolano, Ciudadano de USA, estudie Administraci\u00f3n de empresas y curse varios diplom\u00e1dos en mi carrera profesional. Tambi\u00e9n fui amante de los deportes\u00a0gran parte de mi vida, y me apasiona el mundo de los negocios!. Naci en una familia de empresarios con m\u00e1s de 40 a\u00f1os de experiencia.<\/p>\t\t\t\t\t\t<\/div>\n\t\t\t\t<\/div>\n\t\t\t\t\t<\/div>\n\t\t<\/div>\n\t\t\t\t<div class=\"elementor-column elementor-col-50 elementor-inner-column elementor-element elementor-element-68bf931\" data-id=\"68bf931\" data-element_type=\"column\">\n\t\t\t<div class=\"elementor-widget-wrap elementor-element-populated\">\n\t\t\t\t\t\t<div class=\"elementor-element elementor-element-c32cd98 elementor-widget__width-initial elementor-widget elementor-widget-text-editor\" data-id=\"c32cd98\" data-element_type=\"widget\" data-widget_type=\"text-editor.default\">\n\t\t\t\t<div class=\"elementor-widget-container\">\n\t\t\t\t\t\t\t<h3 style=\"text-align: left; font-style: italic;\">Andrea Alexandre<\/h3>\n<p>Soy Venezolana, Ciudadana de USA, me gradu\u00e9 en Fisioterapia como profesi\u00f3n, soy amante de la paz y la tranquilidad, me encanta la pintura y tomar un buen caf\u00e9 escuchando el sonido del viento, amo mi familia y cuidar mi espiritualidad.<\/p>\t\t\t\t\t\t<\/div>\n\t\t\t\t<\/div>\n\t\t\t\t\t<\/div>\n\t\t<\/div>\n\t\t\t\t\t<\/div>\n\t\t<\/section>\n\t\t\t\t<div class=\"elementor-element elementor-element-cc2141e elementor-widget__width-initial elementor-widget elementor-widget-text-editor\" data-id=\"cc2141e\" data-element_type=\"widget\" data-widget_type=\"text-editor.default\">\n\t\t\t\t<div class=\"elementor-widget-container\">\n\t\t\t\t\t\t\t<p>Danny y Andrea L\u00f3pez, una pareja que decidi\u00f3 transformar su vida y la de aquellos que los rodean. En diciembre de 2013, dejaron Venezuela en busca de nuevas oportunidades en los Estados Unidos. Desde su llegada, se sumergieron en diversos emprendimientos para adaptarse y brindar lo mejor a su familia.<\/p><p>Empezaron a trabajar juntos en un negocio en mayo de 2015. Para ellos, fue m\u00e1s que un negocio; fue el comienzo de una pasi\u00f3n compartida por cambiar vidas. Tomaron la decisi\u00f3n valiente de dedicarse por completo, convencidos de que este ser\u00eda su presente y futuro, un legado para sus hijos.<\/p><p>Su enfoque en ayudar a las personas a vivir vidas mejores se convirti\u00f3 en un compromiso diario. Reconociendo el potencial transformador que su negocio ofrec\u00eda en aspectos de salud, f\u00edsicos, mentales y profesionales.<\/p><p>El viaje no ha sido f\u00e1cil; ha implicado noches interminables trabajando con personas que compart\u00edan la creencia en el negocio y en ellos. El crecimiento continua, alcanzando y cerrando nuevas metas.<\/p><p>Para Danny y Andrea, el lema \u00abUn ENFOQUE LOCO\u00bb resume su filosof\u00eda de vida y de negocios. Creen en la dedicaci\u00f3n constante y en que el verdadero \u00e9xito requiere esfuerzo diario.<\/p>\t\t\t\t\t\t<\/div>\n\t\t\t\t<\/div>\n\t\t\t\t\t<\/div>\n\t\t<\/div>\n\t\t\t\t\t<\/div>\n\t\t<\/section>\n\t\t\t\t<section class=\"elementor-section elementor-top-section elementor-element elementor-element-80efb2b elementor-section-boxed elementor-section-height-default elementor-section-height-default\" data-id=\"80efb2b\" data-element_type=\"section\">\n\t\t\t\t\t\t<div class=\"elementor-container elementor-column-gap-default\">\n\t\t\t\t\t<div class=\"elementor-column elementor-col-50 elementor-top-column elementor-element elementor-element-db51081\" data-id=\"db51081\" data-element_type=\"column\">\n\t\t\t<div class=\"elementor-widget-wrap elementor-element-populated\">\n\t\t\t\t\t\t<div class=\"elementor-element elementor-element-2d00f28 elementor-widget elementor-widget-image\" data-id=\"2d00f28\" data-element_type=\"widget\" data-widget_type=\"image.default\">\n\t\t\t\t<div class=\"elementor-widget-container\">\n\t\t\t\t\t\t\t\t\t\t\t\t\t<img fetchpriority=\"high\" decoding=\"async\" width=\"1024\" height=\"953\" src=\"https:\/\/dannyyandrealopez.com\/wp-content\/uploads\/2025\/01\/Captura-de-pantalla-2025-01-23-a-las-1.52.46\u202fp.m-1024x953.jpeg\" class=\"attachment-large size-large wp-image-798\" alt=\"\" \/>\t\t\t\t\t\t\t\t\t\t\t\t\t<\/div>\n\t\t\t\t<\/div>\n\t\t\t\t\t<\/div>\n\t\t<\/div>\n\t\t\t\t<div class=\"elementor-column elementor-col-50 elementor-top-column elementor-element elementor-element-8da89a0\" data-id=\"8da89a0\" data-element_type=\"column\">\n\t\t\t<div class=\"elementor-widget-wrap elementor-element-populated\">\n\t\t\t\t\t\t<div class=\"elementor-element elementor-element-887242b elementor-widget elementor-widget-image\" data-id=\"887242b\" data-element_type=\"widget\" data-widget_type=\"image.default\">\n\t\t\t\t<div class=\"elementor-widget-container\">\n\t\t\t\t\t\t\t\t\t\t\t\t\t<img decoding=\"async\" width=\"1024\" height=\"954\" src=\"https:\/\/dannyyandrealopez.com\/wp-content\/uploads\/2025\/01\/64346d1c-ea44-410a-a59f-2598b50703b2-e1737658649647-1024x954.jpg\" class=\"attachment-large size-large wp-image-797\" alt=\"\" \/>\t\t\t\t\t\t\t\t\t\t\t\t\t<\/div>\n\t\t\t\t<\/div>\n\t\t\t\t\t<\/div>\n\t\t<\/div>\n\t\t\t\t\t<\/div>\n\t\t<\/section>\n\t\t\t\t<section class=\"elementor-section elementor-top-section elementor-element elementor-element-9a668ab elementor-section-boxed elementor-section-height-default elementor-section-height-default\" data-id=\"9a668ab\" data-element_type=\"section\">\n\t\t\t\t\t\t<div class=\"elementor-container elementor-column-gap-default\">\n\t\t\t\t\t<div class=\"elementor-column elementor-col-50 elementor-top-column elementor-element elementor-element-e42c34e\" data-id=\"e42c34e\" data-element_type=\"column\">\n\t\t\t<div class=\"elementor-widget-wrap elementor-element-populated\">\n\t\t\t\t\t\t<div class=\"elementor-element elementor-element-b2bf718 elementor-widget elementor-widget-image\" data-id=\"b2bf718\" data-element_type=\"widget\" data-widget_type=\"image.default\">\n\t\t\t\t<div class=\"elementor-widget-container\">\n\t\t\t\t\t\t\t\t\t\t\t\t\t<img decoding=\"async\" width=\"666\" height=\"712\" src=\"https:\/\/dannyyandrealopez.com\/wp-content\/uploads\/2024\/10\/DSC_0498-e1729310868402.jpg\" class=\"attachment-full size-full wp-image-545\" alt=\"\" \/>\t\t\t\t\t\t\t\t\t\t\t\t\t<\/div>\n\t\t\t\t<\/div>\n\t\t\t\t\t<\/div>\n\t\t<\/div>\n\t\t\t\t<div class=\"elementor-column elementor-col-50 elementor-top-column elementor-element elementor-element-71971f8\" data-id=\"71971f8\" data-element_type=\"column\">\n\t\t\t<div class=\"elementor-widget-wrap elementor-element-populated\">\n\t\t\t\t\t\t<div class=\"elementor-element elementor-element-0eba163 elementor-widget elementor-widget-image\" data-id=\"0eba163\" data-element_type=\"widget\" data-widget_type=\"image.default\">\n\t\t\t\t<div class=\"elementor-widget-container\">\n\t\t\t\t\t\t\t\t\t\t\t\t\t<img loading=\"lazy\" decoding=\"async\" width=\"960\" height=\"1024\" src=\"https:\/\/dannyyandrealopez.com\/wp-content\/uploads\/2023\/09\/DSC00346-Edit-scaled-e1737657894774-960x1024.jpg\" class=\"attachment-large size-large wp-image-154\" alt=\"\" \/>\t\t\t\t\t\t\t\t\t\t\t\t\t<\/div>\n\t\t\t\t<\/div>\n\t\t\t\t\t<\/div>\n\t\t<\/div>\n\t\t\t\t\t<\/div>\n\t\t<\/section>\n\t\t\t\t<section class=\"elementor-section elementor-top-section elementor-element elementor-element-7c13245 elementor-section-full_width elementor-section-height-default elementor-section-height-default elementor-invisible\" data-id=\"7c13245\" data-element_type=\"section\" data-settings=\"{&quot;animation&quot;:&quot;fadeIn&quot;}\">\n\t\t\t\t\t\t\t<div class=\"elementor-background-overlay\"><\/div>\n\t\t\t\t\t\t\t<div class=\"elementor-container elementor-column-gap-no\">\n\t\t\t\t\t<div class=\"elementor-column elementor-col-100 elementor-top-column elementor-element elementor-element-8d72462\" data-id=\"8d72462\" data-element_type=\"column\">\n\t\t\t<div class=\"elementor-widget-wrap elementor-element-populated\">\n\t\t\t\t\t\t<div class=\"elementor-element elementor-element-ce3b3d5 elementor-widget elementor-widget-image\" data-id=\"ce3b3d5\" data-element_type=\"widget\" data-widget_type=\"image.default\">\n\t\t\t\t<div class=\"elementor-widget-container\">\n\t\t\t\t\t\t\t\t\t\t\t\t\t<img loading=\"lazy\" decoding=\"async\" width=\"150\" height=\"150\" src=\"https:\/\/dannyyandrealopez.com\/wp-content\/uploads\/2023\/09\/quote-150x150.png\" class=\"attachment-thumbnail size-thumbnail wp-image-160\" alt=\"\" \/>\t\t\t\t\t\t\t\t\t\t\t\t\t<\/div>\n\t\t\t\t<\/div>\n\t\t\t\t<div class=\"elementor-element elementor-element-0aa7f65 elementor-widget elementor-widget-heading\" data-id=\"0aa7f65\" data-element_type=\"widget\" data-widget_type=\"heading.default\">\n\t\t\t\t<div class=\"elementor-widget-container\">\n\t\t\t<h2 class=\"elementor-heading-title elementor-size-default\">\"El mayor peligro para la mayor\u00eda de nosotros no es que apuntemos demasiado alto y fallemos, sino que apuntemos bajo y lo logremos\".<\/h2>\t\t<\/div>\n\t\t\t\t<\/div>\n\t\t\t\t<div class=\"elementor-element elementor-element-01ba6c0 elementor-widget-divider--view-line elementor-widget elementor-widget-divider\" data-id=\"01ba6c0\" data-element_type=\"widget\" data-widget_type=\"divider.default\">\n\t\t\t\t<div class=\"elementor-widget-container\">\n\t\t\t\t\t<div class=\"elementor-divider\">\n\t\t\t<span class=\"elementor-divider-separator\">\n\t\t\t\t\t\t<\/span>\n\t\t<\/div>\n\t\t\t\t<\/div>\n\t\t\t\t<\/div>\n\t\t\t\t<div class=\"elementor-element elementor-element-2d5d687 elementor-widget elementor-widget-text-editor\" data-id=\"2d5d687\" data-element_type=\"widget\" data-widget_type=\"text-editor.default\">\n\t\t\t\t<div class=\"elementor-widget-container\">\n\t\t\t\t\t\t\t<p>Michelangelo<\/p>\t\t\t\t\t\t<\/div>\n\t\t\t\t<\/div>\n\t\t\t\t\t<\/div>\n\t\t<\/div>\n\t\t\t\t\t<\/div>\n\t\t<\/section>\n\t\t\t\t<\/div>","protected":false},"excerpt":{"rendered":"<p>Danny y Andrea Lopez Acerca de Nosotros Danny Lopez Soy Venezolano, Ciudadano de USA, estudie Administraci\u00f3n de empresas y curse varios diplom\u00e1dos en mi carrera profesional. Tambi\u00e9n fui amante de los deportes\u00a0gran parte de mi vida, y me apasiona el mundo de los negocios!. Naci en una familia de empresarios con m\u00e1s de 40 a\u00f1os &hellip;<\/p>\n<p class=\"read-more\"> <a class=\"\" href=\"https:\/\/dannyyandrealopez.com\/en\/\"> <span class=\"screen-reader-text\">Acerca de Nosotros<\/span> Read More &raquo;<\/a><\/p>","protected":false},"author":1,"featured_media":0,"parent":0,"menu_order":0,"comment_status":"closed","ping_status":"closed","template":"","meta":{"site-sidebar-layout":"no-sidebar","site-content-layout":"","ast-site-content-layout":"full-width-container","site-content-style":"default","site-sidebar-style":"default","ast-global-header-display":"","ast-banner-title-visibility":"","ast-main-header-display":"","ast-hfb-above-header-display":"","ast-hfb-below-header-display":"","ast-hfb-mobile-header-display":"","site-post-title":"disabled","ast-breadcrumbs-content":"","ast-featured-img":"disabled","footer-sml-layout":"","theme-transparent-header-meta":"","adv-header-id-meta":"","stick-header-meta":"","header-above-stick-meta":"","header-main-stick-meta":"","header-below-stick-meta":"","astra-migrate-meta-layouts":"","_themeisle_gutenberg_block_has_review":false,"footnotes":""},"class_list":["post-103","page","type-page","status-publish","hentry"],"rttpg_featured_image_url":null,"rttpg_author":{"display_name":"Danny y Andrea Lopez","author_link":"https:\/\/dannyyandrealopez.com\/en\/author\/dannyyandrea\/"},"rttpg_comment":0,"rttpg_category":null,"rttpg_excerpt":"Danny y Andrea Lopez Acerca de Nosotros Danny Lopez Soy Venezolano, Ciudadano de USA, estudie Administraci\u00f3n de empresas y curse varios diplom\u00e1dos en mi carrera profesional. Tambi\u00e9n fui amante de los deportes\u00a0gran parte de mi vida, y me apasiona el mundo de los negocios!. Naci en una familia de empresarios con m\u00e1s de 40 a\u00f1os&hellip;","_links":{"self":[{"href":"https:\/\/dannyyandrealopez.com\/en\/wp-json\/wp\/v2\/pages\/103"}],"collection":[{"href":"https:\/\/dannyyandrealopez.com\/en\/wp-json\/wp\/v2\/pages"}],"about":[{"href":"https:\/\/dannyyandrealopez.com\/en\/wp-json\/wp\/v2\/types\/page"}],"author":[{"embeddable":true,"href":"https:\/\/dannyyandrealopez.com\/en\/wp-json\/wp\/v2\/users\/1"}],"replies":[{"embeddable":true,"href":"https:\/\/dannyyandrealopez.com\/en\/wp-json\/wp\/v2\/comments?post=103"}],"version-history":[{"count":187,"href":"https:\/\/dannyyandrealopez.com\/en\/wp-json\/wp\/v2\/pages\/103\/revisions"}],"predecessor-version":[{"id":952,"href":"https:\/\/dannyyandrealopez.com\/en\/wp-json\/wp\/v2\/pages\/103\/revisions\/952"}],"wp:attachment":[{"href":"https:\/\/dannyyandrealopez.com\/en\/wp-json\/wp\/v2\/media?parent=103"}],"curies":[{"name":"wp","href":"https:\/\/api.w.org\/{rel}","templated":true}]}}