{"id":237,"date":"2023-09-10T22:32:22","date_gmt":"2023-09-11T02:32:22","guid":{"rendered":"https:\/\/dannyyandrealopez.com\/?page_id=237"},"modified":"2025-01-23T16:01:11","modified_gmt":"2025-01-23T21:01:11","slug":"mision","status":"publish","type":"page","link":"https:\/\/dannyyandrealopez.com\/en\/mision\/","title":{"rendered":"Misi\u00f3n"},"content":{"rendered":"<div data-elementor-type=\"wp-page\" data-elementor-id=\"237\" class=\"elementor elementor-237\">\n\t\t\t\t\t\t<section class=\"elementor-section elementor-top-section elementor-element elementor-element-54d012e8 elementor-section-full_width elementor-section-height-default elementor-section-height-default\" data-id=\"54d012e8\" data-element_type=\"section\" data-settings=\"{&quot;background_background&quot;:&quot;classic&quot;}\">\n\t\t\t\t\t\t<div class=\"elementor-container elementor-column-gap-default\">\n\t\t\t\t\t<div class=\"elementor-column elementor-col-100 elementor-top-column elementor-element elementor-element-4df0a937\" data-id=\"4df0a937\" data-element_type=\"column\" data-settings=\"{&quot;background_background&quot;:&quot;classic&quot;}\">\n\t\t\t<div class=\"elementor-widget-wrap elementor-element-populated\">\n\t\t\t\t\t\t<div class=\"elementor-element elementor-element-6d39ad0c elementor-widget elementor-widget-heading\" data-id=\"6d39ad0c\" data-element_type=\"widget\" data-widget_type=\"heading.default\">\n\t\t\t\t<div class=\"elementor-widget-container\">\n\t\t\t<h2 class=\"elementor-heading-title elementor-size-default\"><i> Misi\u00f3n<\/i><\/h2>\t\t<\/div>\n\t\t\t\t<\/div>\n\t\t\t\t\t<\/div>\n\t\t<\/div>\n\t\t\t\t\t<\/div>\n\t\t<\/section>\n\t\t\t\t<section class=\"elementor-section elementor-top-section elementor-element elementor-element-53a49182 elementor-section-full_width elementor-section-height-default elementor-section-height-default elementor-invisible\" data-id=\"53a49182\" data-element_type=\"section\" data-settings=\"{&quot;animation&quot;:&quot;fadeIn&quot;}\">\n\t\t\t\t\t\t\t<div class=\"elementor-background-overlay\"><\/div>\n\t\t\t\t\t\t\t<div class=\"elementor-container elementor-column-gap-no\">\n\t\t\t\t\t<div class=\"elementor-column elementor-col-100 elementor-top-column elementor-element elementor-element-485731d9\" data-id=\"485731d9\" data-element_type=\"column\">\n\t\t\t<div class=\"elementor-widget-wrap elementor-element-populated\">\n\t\t\t\t\t\t<div class=\"elementor-element elementor-element-7618a464 elementor-widget elementor-widget-image\" data-id=\"7618a464\" data-element_type=\"widget\" data-widget_type=\"image.default\">\n\t\t\t\t<div class=\"elementor-widget-container\">\n\t\t\t\t\t\t\t\t\t\t\t\t\t<img decoding=\"async\" width=\"150\" height=\"150\" src=\"https:\/\/dannyyandrealopez.com\/wp-content\/uploads\/2023\/09\/quote-150x150.png\" class=\"attachment-thumbnail size-thumbnail wp-image-160\" alt=\"\" \/>\t\t\t\t\t\t\t\t\t\t\t\t\t<\/div>\n\t\t\t\t<\/div>\n\t\t\t\t<div class=\"elementor-element elementor-element-47ee70c1 elementor-widget elementor-widget-heading\" data-id=\"47ee70c1\" data-element_type=\"widget\" data-widget_type=\"heading.default\">\n\t\t\t\t<div class=\"elementor-widget-container\">\n\t\t\t<h2 class=\"elementor-heading-title elementor-size-default\">\"El camino hacia el exito es tomar accion masiva y determinada.\"<\/h2>\t\t<\/div>\n\t\t\t\t<\/div>\n\t\t\t\t<div class=\"elementor-element elementor-element-6cfea5ab elementor-widget-divider--view-line elementor-widget elementor-widget-divider\" data-id=\"6cfea5ab\" data-element_type=\"widget\" data-widget_type=\"divider.default\">\n\t\t\t\t<div class=\"elementor-widget-container\">\n\t\t\t\t\t<div class=\"elementor-divider\">\n\t\t\t<span class=\"elementor-divider-separator\">\n\t\t\t\t\t\t<\/span>\n\t\t<\/div>\n\t\t\t\t<\/div>\n\t\t\t\t<\/div>\n\t\t\t\t<div class=\"elementor-element elementor-element-62696b24 elementor-widget elementor-widget-text-editor\" data-id=\"62696b24\" data-element_type=\"widget\" data-widget_type=\"text-editor.default\">\n\t\t\t\t<div class=\"elementor-widget-container\">\n\t\t\t\t\t\t\t<h2 class=\"elementor-heading-title elementor-size-default elementor-inline-editing pen\" contenteditable=\"true\" data-elementor-setting-key=\"title\" data-pen-placeholder=\"Teclea aqu\u00ed...\"><em><span class=\"elementor-heading-title elementor-size-default elementor-inline-editing pen\" data-elementor-setting-key=\"title\" data-pen-placeholder=\"Teclea aqu\u00ed...\">Tony Robbins<\/span><\/em><\/h2>\t\t\t\t\t\t<\/div>\n\t\t\t\t<\/div>\n\t\t\t\t\t<\/div>\n\t\t<\/div>\n\t\t\t\t\t<\/div>\n\t\t<\/section>\n\t\t\t\t<section class=\"elementor-section elementor-top-section elementor-element elementor-element-03cbc58 elementor-section-boxed elementor-section-height-default elementor-section-height-default\" data-id=\"03cbc58\" data-element_type=\"section\">\n\t\t\t\t\t\t<div class=\"elementor-container elementor-column-gap-default\">\n\t\t\t\t\t<div class=\"elementor-column elementor-col-100 elementor-top-column elementor-element elementor-element-dab8a41\" data-id=\"dab8a41\" data-element_type=\"column\">\n\t\t\t<div class=\"elementor-widget-wrap elementor-element-populated\">\n\t\t\t\t\t\t<div class=\"elementor-element elementor-element-7bfc533 elementor-widget elementor-widget-heading\" data-id=\"7bfc533\" data-element_type=\"widget\" data-widget_type=\"heading.default\">\n\t\t\t\t<div class=\"elementor-widget-container\">\n\t\t\t<h2 class=\"elementor-heading-title elementor-size-default\">Mision<\/h2>\t\t<\/div>\n\t\t\t\t<\/div>\n\t\t\t\t<div class=\"elementor-element elementor-element-2b5cd3d elementor-widget elementor-widget-text-editor\" data-id=\"2b5cd3d\" data-element_type=\"widget\" data-widget_type=\"text-editor.default\">\n\t\t\t\t<div class=\"elementor-widget-container\">\n\t\t\t\t\t\t\t<p style=\"font-weight: 400;\">\u00a0 \u00a0 \u00a0 Su enfoque loco implica disfrutar cada d\u00eda y encontrar la felicidad en el proceso, porque creen que la felicidad impulsa la velocidad hacia el \u00e9xito. Colocar metas para todo en la vida es fundamental.<\/p><p style=\"font-weight: 400;\">\u00a0 \u00a0 \u00a0 Entienden que la armon\u00eda es esencial, y para ellos, esto significa dar y duplicar amor. Consideran que los negocios van m\u00e1s all\u00e1 de las transacciones; es un intercambio emocional donde la pasi\u00f3n y el amor son fundamentales. La clave est\u00e1 en mantener la humildad para aprender, la valent\u00eda para cambiar y la audacia para so\u00f1ar m\u00e1s.<\/p><p style=\"font-weight: 400;\">\u00a0 \u00a0 \u00a0 Danny y Andrea comprenden la naturaleza emocional de los negocios y enfatizan el control sobre las situaciones. Invitan a otros a aprovechar su pasi\u00f3n loca para cambiar vidas, empezando por la propia. Su deseo es que cada emprendedor utilice esta pasi\u00f3n para superar desaf\u00edos, enfrentar emociones y avanzar hacia el \u00e9xito.<\/p><p style=\"font-weight: 400;\"><b>\u00a0 \u00a0 \u00a0 \u00a0Te invitamos a ser parte de este movimiento, a unirte a nosotros en este viaje de crecimiento, prop\u00f3sito<\/b><b>, negocios y transformaci\u00f3n, para que juntos podamos inspirar un cambio significativo en el mundo.<\/b><\/p><p style=\"font-weight: 400;\"><b style=\"font-style: inherit;\">\u00a0 \u00a0\u00a0<\/b><b style=\"font-style: inherit;\">\u00a1<\/b><b style=\"font-style: inherit;\">Todo comienza contigo<\/b><b style=\"font-style: inherit;\"> y conmigo!<\/b><\/p>\t\t\t\t\t\t<\/div>\n\t\t\t\t<\/div>\n\t\t\t\t\t<\/div>\n\t\t<\/div>\n\t\t\t\t\t<\/div>\n\t\t<\/section>\n\t\t\t\t<section class=\"elementor-section elementor-top-section elementor-element elementor-element-11c0ba3 elementor-section-full_width elementor-section-height-default elementor-section-height-default\" data-id=\"11c0ba3\" data-element_type=\"section\" data-settings=\"{&quot;background_background&quot;:&quot;classic&quot;}\">\n\t\t\t\t\t\t<div class=\"elementor-container elementor-column-gap-default\">\n\t\t\t\t\t<div class=\"elementor-column elementor-col-50 elementor-top-column elementor-element elementor-element-406b9bd\" data-id=\"406b9bd\" data-element_type=\"column\">\n\t\t\t<div class=\"elementor-widget-wrap elementor-element-populated\">\n\t\t\t\t\t\t<div class=\"elementor-element elementor-element-9bfc3d0 elementor-widget elementor-widget-heading\" data-id=\"9bfc3d0\" data-element_type=\"widget\" data-widget_type=\"heading.default\">\n\t\t\t\t<div class=\"elementor-widget-container\">\n\t\t\t<h2 class=\"elementor-heading-title elementor-size-default\">Nuestra <br>Misi\u00f3n<\/h2>\t\t<\/div>\n\t\t\t\t<\/div>\n\t\t\t\t\t<\/div>\n\t\t<\/div>\n\t\t\t\t<div class=\"elementor-column elementor-col-50 elementor-top-column elementor-element elementor-element-be2acbb\" data-id=\"be2acbb\" data-element_type=\"column\">\n\t\t\t<div class=\"elementor-widget-wrap elementor-element-populated\">\n\t\t\t\t\t\t<div class=\"elementor-element elementor-element-a7e63b9 elementor-widget elementor-widget-heading\" data-id=\"a7e63b9\" data-element_type=\"widget\" data-widget_type=\"heading.default\">\n\t\t\t\t<div class=\"elementor-widget-container\">\n\t\t\t<h2 class=\"elementor-heading-title elementor-size-default\">\"El amor todo lo puede...\"<\/h2>\t\t<\/div>\n\t\t\t\t<\/div>\n\t\t\t\t\t<\/div>\n\t\t<\/div>\n\t\t\t\t\t<\/div>\n\t\t<\/section>\n\t\t\t\t<\/div>","protected":false},"excerpt":{"rendered":"<p>Misi\u00f3n \u00abEl camino hacia el exito es tomar accion masiva y determinada.\u00bb Tony Robbins Mision \u00a0 \u00a0 \u00a0 Su enfoque loco implica disfrutar cada d\u00eda y encontrar la felicidad en el proceso, porque creen que la felicidad impulsa la velocidad hacia el \u00e9xito. Colocar metas para todo en la vida es fundamental. \u00a0 \u00a0 \u00a0 &hellip;<\/p>\n<p class=\"read-more\"> <a class=\"\" href=\"https:\/\/dannyyandrealopez.com\/en\/mision\/\"> <span class=\"screen-reader-text\">Misi\u00f3n<\/span> Read More &raquo;<\/a><\/p>","protected":false},"author":1,"featured_media":0,"parent":0,"menu_order":0,"comment_status":"closed","ping_status":"closed","template":"","meta":{"site-sidebar-layout":"no-sidebar","site-content-layout":"","ast-site-content-layout":"full-width-container","site-content-style":"default","site-sidebar-style":"default","ast-global-header-display":"","ast-banner-title-visibility":"","ast-main-header-display":"","ast-hfb-above-header-display":"","ast-hfb-below-header-display":"","ast-hfb-mobile-header-display":"","site-post-title":"disabled","ast-breadcrumbs-content":"","ast-featured-img":"disabled","footer-sml-layout":"","theme-transparent-header-meta":"","adv-header-id-meta":"","stick-header-meta":"","header-above-stick-meta":"","header-main-stick-meta":"","header-below-stick-meta":"","astra-migrate-meta-layouts":"","_themeisle_gutenberg_block_has_review":false,"footnotes":""},"class_list":["post-237","page","type-page","status-publish","hentry"],"rttpg_featured_image_url":null,"rttpg_author":{"display_name":"Danny y Andrea Lopez","author_link":"https:\/\/dannyyandrealopez.com\/en\/author\/dannyyandrea\/"},"rttpg_comment":0,"rttpg_category":null,"rttpg_excerpt":"Misi\u00f3n \u00abEl camino hacia el exito es tomar accion masiva y determinada.\u00bb Tony Robbins Mision \u00a0 \u00a0 \u00a0 Su enfoque loco implica disfrutar cada d\u00eda y encontrar la felicidad en el proceso, porque creen que la felicidad impulsa la velocidad hacia el \u00e9xito. Colocar metas para todo en la vida es fundamental. \u00a0 \u00a0 \u00a0&hellip;","_links":{"self":[{"href":"https:\/\/dannyyandrealopez.com\/en\/wp-json\/wp\/v2\/pages\/237"}],"collection":[{"href":"https:\/\/dannyyandrealopez.com\/en\/wp-json\/wp\/v2\/pages"}],"about":[{"href":"https:\/\/dannyyandrealopez.com\/en\/wp-json\/wp\/v2\/types\/page"}],"author":[{"embeddable":true,"href":"https:\/\/dannyyandrealopez.com\/en\/wp-json\/wp\/v2\/users\/1"}],"replies":[{"embeddable":true,"href":"https:\/\/dannyyandrealopez.com\/en\/wp-json\/wp\/v2\/comments?post=237"}],"version-history":[{"count":76,"href":"https:\/\/dannyyandrealopez.com\/en\/wp-json\/wp\/v2\/pages\/237\/revisions"}],"predecessor-version":[{"id":851,"href":"https:\/\/dannyyandrealopez.com\/en\/wp-json\/wp\/v2\/pages\/237\/revisions\/851"}],"wp:attachment":[{"href":"https:\/\/dannyyandrealopez.com\/en\/wp-json\/wp\/v2\/media?parent=237"}],"curies":[{"name":"wp","href":"https:\/\/api.w.org\/{rel}","templated":true}]}}