{"id":301,"date":"2023-09-10T23:24:30","date_gmt":"2023-09-11T03:24:30","guid":{"rendered":"https:\/\/dannyyandrealopez.com\/?page_id=301"},"modified":"2024-10-19T00:31:48","modified_gmt":"2024-10-19T04:31:48","slug":"mentoria","status":"publish","type":"page","link":"https:\/\/dannyyandrealopez.com\/en\/mentoria\/","title":{"rendered":"Mentoria"},"content":{"rendered":"<div data-elementor-type=\"wp-page\" data-elementor-id=\"301\" class=\"elementor elementor-301\">\n\t\t\t\t\t\t<section class=\"elementor-section elementor-top-section elementor-element elementor-element-7589878f elementor-section-full_width elementor-section-height-default elementor-section-height-default\" data-id=\"7589878f\" data-element_type=\"section\" data-settings=\"{&quot;background_background&quot;:&quot;classic&quot;}\">\n\t\t\t\t\t\t<div class=\"elementor-container elementor-column-gap-default\">\n\t\t\t\t\t<div class=\"elementor-column elementor-col-100 elementor-top-column elementor-element elementor-element-48d413f6\" data-id=\"48d413f6\" data-element_type=\"column\" data-settings=\"{&quot;background_background&quot;:&quot;classic&quot;}\">\n\t\t\t<div class=\"elementor-widget-wrap elementor-element-populated\">\n\t\t\t\t\t\t<div class=\"elementor-element elementor-element-6170fc2e elementor-widget elementor-widget-heading\" data-id=\"6170fc2e\" data-element_type=\"widget\" data-widget_type=\"heading.default\">\n\t\t\t\t<div class=\"elementor-widget-container\">\n\t\t\t<h2 class=\"elementor-heading-title elementor-size-default\"><i>Mentoria<\/i><\/h2>\t\t<\/div>\n\t\t\t\t<\/div>\n\t\t\t\t\t<\/div>\n\t\t<\/div>\n\t\t\t\t\t<\/div>\n\t\t<\/section>\n\t\t\t\t<section class=\"elementor-section elementor-top-section elementor-element elementor-element-7e6a4a85 elementor-section-full_width elementor-section-height-default elementor-section-height-default\" data-id=\"7e6a4a85\" data-element_type=\"section\">\n\t\t\t\t\t\t<div class=\"elementor-container elementor-column-gap-default\">\n\t\t\t\t\t<div class=\"elementor-column elementor-col-100 elementor-top-column elementor-element elementor-element-1661d92b\" data-id=\"1661d92b\" data-element_type=\"column\">\n\t\t\t<div class=\"elementor-widget-wrap elementor-element-populated\">\n\t\t\t\t\t\t<div class=\"elementor-element elementor-element-72905e3a elementor-widget elementor-widget-text-editor\" data-id=\"72905e3a\" data-element_type=\"widget\" data-widget_type=\"text-editor.default\">\n\t\t\t\t<div class=\"elementor-widget-container\">\n\t\t\t\t\t\t\t<p style=\"color: var(--text-primary); font-size: 16px; font-style: normal; border-style: solid; border-color: #d9d9e3; margin-top: 1.25em; margin-bottom: 1.25em; white-space: pre-wrap;\">Danny y Andrea L\u00f3pez comparten la convicci\u00f3n de que, adem\u00e1s de su fe en Dios, la orientaci\u00f3n adecuada ha sido la piedra angular de su \u00e9xito.<\/p>\n<p style=\"color: var(--text-primary); font-size: 16px; font-style: normal; border-style: solid; border-color: #d9d9e3; margin-top: 1.25em; margin-bottom: 1.25em; white-space: pre-wrap;\">Despu\u00e9s de alinearse con mentores, pudieron potenciar sus esfuerzos y construir verdaderamente la vida de la que hoy se sienten orgullosos. Esta visi\u00f3n de dise\u00f1ar una vida significativa fue inspirada por sus mentores de toda la vida, quienes han sido una gu\u00eda constante desde su llegada a los Estados Unidos en 2013.<\/p>\n<p style=\"color: var(--text-primary); font-size: 16px; font-style: normal; border-style: solid; border-color: #d9d9e3; margin-top: 1.25em; margin-bottom: 1.25em; white-space: pre-wrap;\">Estos mentores, cuya influencia ha sido fundamental, jugaron un papel crucial en el descubrimiento y la dedicaci\u00f3n de Danny y Andrea. A trav\u00e9s de su mentor\u00eda, proporcionaron las herramientas y la visi\u00f3n necesarias para navegar por el mundo empresarial y construir un legado duradero. Su enfoque directo y amoroso ha ayudado a Danny y Andrea a enfrentar desaf\u00edos, superar obst\u00e1culos y, finalmente, alcanzar alturas impresionantes.<\/p>\n<p style=\"color: var(--text-primary); font-size: 16px; font-style: normal; border-style: solid; border-color: #d9d9e3; margin-top: 1.25em; margin-bottom: 0px; white-space: pre-wrap;\">En este viaje, Danny y Andrea han asumido la misi\u00f3n de ser mentores ellos mismos, compartiendo sus experiencias y conocimientos con aquellos que buscan construir sus propios sue\u00f1os. Su dedicaci\u00f3n a la comunidad empresarial se manifiesta no solo en sus logros, sino tambi\u00e9n en la forma en que abogan por el desarrollo personal y profesional de quienes les rodean. Su impacto en m\u00e1s de 20 mil personas en todo el mundo es testimonio de la verdadera esencia de la mentor\u00eda que brindan. A trav\u00e9s de su liderazgo y ejemplo, Danny y Andrea contin\u00faan guiando a otros hacia el \u00e9xito y la realizaci\u00f3n de sus sue\u00f1os.<\/p>\t\t\t\t\t\t<\/div>\n\t\t\t\t<\/div>\n\t\t\t\t\t<\/div>\n\t\t<\/div>\n\t\t\t\t\t<\/div>\n\t\t<\/section>\n\t\t\t\t<section class=\"elementor-section elementor-top-section elementor-element elementor-element-14795322 elementor-section-boxed elementor-section-height-default elementor-section-height-default\" data-id=\"14795322\" data-element_type=\"section\">\n\t\t\t\t\t\t<div class=\"elementor-container elementor-column-gap-default\">\n\t\t\t\t\t<div class=\"elementor-column elementor-col-50 elementor-top-column elementor-element elementor-element-6dd722df\" data-id=\"6dd722df\" data-element_type=\"column\">\n\t\t\t<div class=\"elementor-widget-wrap elementor-element-populated\">\n\t\t\t\t\t\t<div class=\"elementor-element elementor-element-f89a883 elementor-widget elementor-widget-image\" data-id=\"f89a883\" data-element_type=\"widget\" data-widget_type=\"image.default\">\n\t\t\t\t<div class=\"elementor-widget-container\">\n\t\t\t\t\t\t\t\t\t\t\t\t\t<img fetchpriority=\"high\" decoding=\"async\" width=\"1024\" height=\"768\" src=\"https:\/\/dannyyandrealopez.com\/wp-content\/uploads\/2023\/09\/03679f2b-7c0a-47ee-9d6c-a0ac8d076278.jpg\" class=\"attachment-large size-large wp-image-308\" alt=\"\" \/>\t\t\t\t\t\t\t\t\t\t\t\t\t<\/div>\n\t\t\t\t<\/div>\n\t\t\t\t\t<\/div>\n\t\t<\/div>\n\t\t\t\t<div class=\"elementor-column elementor-col-50 elementor-top-column elementor-element elementor-element-3027bb99\" data-id=\"3027bb99\" data-element_type=\"column\">\n\t\t\t<div class=\"elementor-widget-wrap elementor-element-populated\">\n\t\t\t\t\t\t<div class=\"elementor-element elementor-element-3a5f4ea6 elementor-widget elementor-widget-image\" data-id=\"3a5f4ea6\" data-element_type=\"widget\" data-widget_type=\"image.default\">\n\t\t\t\t<div class=\"elementor-widget-container\">\n\t\t\t\t\t\t\t\t\t\t\t\t\t<img decoding=\"async\" width=\"1024\" height=\"576\" src=\"https:\/\/dannyyandrealopez.com\/wp-content\/uploads\/2023\/09\/cbe40487-9c6b-4ecf-a576-edc04a3da580-1024x576.jpg\" class=\"attachment-large size-large wp-image-310\" alt=\"\" \/>\t\t\t\t\t\t\t\t\t\t\t\t\t<\/div>\n\t\t\t\t<\/div>\n\t\t\t\t<div class=\"elementor-element elementor-element-de40500 elementor-widget elementor-widget-image\" data-id=\"de40500\" data-element_type=\"widget\" data-widget_type=\"image.default\">\n\t\t\t\t<div class=\"elementor-widget-container\">\n\t\t\t\t\t\t\t\t\t\t\t\t\t<img decoding=\"async\" width=\"1024\" height=\"766\" src=\"https:\/\/dannyyandrealopez.com\/wp-content\/uploads\/2024\/10\/b0487155-e58e-4e44-b0d4-8c29168be656-1024x766.jpg\" class=\"attachment-large size-large wp-image-565\" alt=\"\" \/>\t\t\t\t\t\t\t\t\t\t\t\t\t<\/div>\n\t\t\t\t<\/div>\n\t\t\t\t\t<\/div>\n\t\t<\/div>\n\t\t\t\t\t<\/div>\n\t\t<\/section>\n\t\t\t\t<\/div>","protected":false},"excerpt":{"rendered":"<p>Mentoria Danny y Andrea L\u00f3pez comparten la convicci\u00f3n de que, adem\u00e1s de su fe en Dios, la orientaci\u00f3n adecuada ha sido la piedra angular de su \u00e9xito. Despu\u00e9s de alinearse con mentores, pudieron potenciar sus esfuerzos y construir verdaderamente la vida de la que hoy se sienten orgullosos. Esta visi\u00f3n de dise\u00f1ar una vida significativa &hellip;<\/p>\n<p class=\"read-more\"> <a class=\"\" href=\"https:\/\/dannyyandrealopez.com\/en\/mentoria\/\"> <span class=\"screen-reader-text\">Mentoria<\/span> Read More &raquo;<\/a><\/p>","protected":false},"author":1,"featured_media":0,"parent":0,"menu_order":0,"comment_status":"closed","ping_status":"closed","template":"","meta":{"site-sidebar-layout":"no-sidebar","site-content-layout":"","ast-site-content-layout":"full-width-container","site-content-style":"default","site-sidebar-style":"default","ast-global-header-display":"","ast-banner-title-visibility":"","ast-main-header-display":"","ast-hfb-above-header-display":"","ast-hfb-below-header-display":"","ast-hfb-mobile-header-display":"","site-post-title":"disabled","ast-breadcrumbs-content":"","ast-featured-img":"disabled","footer-sml-layout":"","theme-transparent-header-meta":"","adv-header-id-meta":"","stick-header-meta":"","header-above-stick-meta":"","header-main-stick-meta":"","header-below-stick-meta":"","astra-migrate-meta-layouts":"","_themeisle_gutenberg_block_has_review":false,"footnotes":""},"class_list":["post-301","page","type-page","status-publish","hentry"],"rttpg_featured_image_url":null,"rttpg_author":{"display_name":"Danny y Andrea Lopez","author_link":"https:\/\/dannyyandrealopez.com\/en\/author\/dannyyandrea\/"},"rttpg_comment":0,"rttpg_category":null,"rttpg_excerpt":"Mentoria Danny y Andrea L\u00f3pez comparten la convicci\u00f3n de que, adem\u00e1s de su fe en Dios, la orientaci\u00f3n adecuada ha sido la piedra angular de su \u00e9xito. Despu\u00e9s de alinearse con mentores, pudieron potenciar sus esfuerzos y construir verdaderamente la vida de la que hoy se sienten orgullosos. Esta visi\u00f3n de dise\u00f1ar una vida significativa&hellip;","_links":{"self":[{"href":"https:\/\/dannyyandrealopez.com\/en\/wp-json\/wp\/v2\/pages\/301"}],"collection":[{"href":"https:\/\/dannyyandrealopez.com\/en\/wp-json\/wp\/v2\/pages"}],"about":[{"href":"https:\/\/dannyyandrealopez.com\/en\/wp-json\/wp\/v2\/types\/page"}],"author":[{"embeddable":true,"href":"https:\/\/dannyyandrealopez.com\/en\/wp-json\/wp\/v2\/users\/1"}],"replies":[{"embeddable":true,"href":"https:\/\/dannyyandrealopez.com\/en\/wp-json\/wp\/v2\/comments?post=301"}],"version-history":[{"count":13,"href":"https:\/\/dannyyandrealopez.com\/en\/wp-json\/wp\/v2\/pages\/301\/revisions"}],"predecessor-version":[{"id":569,"href":"https:\/\/dannyyandrealopez.com\/en\/wp-json\/wp\/v2\/pages\/301\/revisions\/569"}],"wp:attachment":[{"href":"https:\/\/dannyyandrealopez.com\/en\/wp-json\/wp\/v2\/media?parent=301"}],"curies":[{"name":"wp","href":"https:\/\/api.w.org\/{rel}","templated":true}]}}