{"id":314,"date":"2023-09-10T23:32:43","date_gmt":"2023-09-11T03:32:43","guid":{"rendered":"https:\/\/dannyyandrealopez.com\/?page_id=314"},"modified":"2025-01-23T16:35:27","modified_gmt":"2025-01-23T21:35:27","slug":"intereses","status":"publish","type":"page","link":"https:\/\/dannyyandrealopez.com\/en\/intereses\/","title":{"rendered":"Inspiraci\u00f3n"},"content":{"rendered":"<div data-elementor-type=\"wp-page\" data-elementor-id=\"314\" class=\"elementor elementor-314\">\n\t\t\t\t\t\t<section class=\"elementor-section elementor-top-section elementor-element elementor-element-6b335263 elementor-section-full_width elementor-section-height-default elementor-section-height-default\" data-id=\"6b335263\" data-element_type=\"section\" data-settings=\"{&quot;background_background&quot;:&quot;classic&quot;}\">\n\t\t\t\t\t\t<div class=\"elementor-container elementor-column-gap-default\">\n\t\t\t\t\t<div class=\"elementor-column elementor-col-100 elementor-top-column elementor-element elementor-element-5b8779e9\" data-id=\"5b8779e9\" data-element_type=\"column\" data-settings=\"{&quot;background_background&quot;:&quot;classic&quot;}\">\n\t\t\t<div class=\"elementor-widget-wrap elementor-element-populated\">\n\t\t\t\t\t\t<div class=\"elementor-element elementor-element-15c916e3 elementor-widget elementor-widget-heading\" data-id=\"15c916e3\" data-element_type=\"widget\" data-widget_type=\"heading.default\">\n\t\t\t\t<div class=\"elementor-widget-container\">\n\t\t\t<h2 class=\"elementor-heading-title elementor-size-default\"><i>Inspiracion<\/i><\/h2>\t\t<\/div>\n\t\t\t\t<\/div>\n\t\t\t\t\t<\/div>\n\t\t<\/div>\n\t\t\t\t\t<\/div>\n\t\t<\/section>\n\t\t\t\t<section class=\"elementor-section elementor-top-section elementor-element elementor-element-5ddce249 elementor-section-full_width elementor-section-height-default elementor-section-height-default\" data-id=\"5ddce249\" data-element_type=\"section\">\n\t\t\t\t\t\t<div class=\"elementor-container elementor-column-gap-default\">\n\t\t\t\t\t<div class=\"elementor-column elementor-col-100 elementor-top-column elementor-element elementor-element-8fc21bb\" data-id=\"8fc21bb\" data-element_type=\"column\">\n\t\t\t<div class=\"elementor-widget-wrap elementor-element-populated\">\n\t\t\t\t\t\t<div class=\"elementor-element elementor-element-1b6840b7 elementor-widget elementor-widget-text-editor\" data-id=\"1b6840b7\" data-element_type=\"widget\" data-widget_type=\"text-editor.default\">\n\t\t\t\t<div class=\"elementor-widget-container\">\n\t\t\t\t\t\t\t<p style=\"color: var(--text-primary); font-size: 16px; font-style: normal; border-style: solid; border-color: rgb(217, 217, 227); margin-top: 1.25em; margin-bottom: 1.25em; font-family: S\u00f6hne, ui-sans-serif, system-ui, -apple-system, &quot;Segoe UI&quot;, Roboto, Ubuntu, Cantarell, &quot;Noto Sans&quot;, sans-serif, &quot;Helvetica Neue&quot;, Arial, &quot;Apple Color Emoji&quot;, &quot;Segoe UI Emoji&quot;, &quot;Segoe UI Symbol&quot;, &quot;Noto Color Emoji&quot;; white-space: pre-wrap;\">Adem\u00e1s de sus logros, Danny y Andrea L\u00f3pez son padres dedicados de dos hijos, Paula y Rodrigo, quienes son la mayor inspiraci\u00f3n de sus vidas. La dedicaci\u00f3n a ser padres a tiempo completo refleja su compromiso no solo con el \u00e9xito profesional, sino tambi\u00e9n con el \u00e9xito y bienestar de su familia.<\/p>\n<p style=\"color: var(--text-primary); font-size: 16px; font-style: normal; border-style: solid; border-color: rgb(217, 217, 227); margin-top: 1.25em; margin-bottom: 1.25em; font-family: S\u00f6hne, ui-sans-serif, system-ui, -apple-system, &quot;Segoe UI&quot;, Roboto, Ubuntu, Cantarell, &quot;Noto Sans&quot;, sans-serif, &quot;Helvetica Neue&quot;, Arial, &quot;Apple Color Emoji&quot;, &quot;Segoe UI Emoji&quot;, &quot;Segoe UI Symbol&quot;, &quot;Noto Color Emoji&quot;; white-space: pre-wrap;\">Aman viajar y han convertido esa pasi\u00f3n en una realidad, explorando decenas de pa\u00edses junto con sus hijos. Este viaje familiar ha sido posible gracias a la libertad que han construido con arduo trabajo y compromiso. Disfrutan de las experiencias que enriquecen sus vidas y las de sus hijos, creando recuerdos invaluables mientras exploran nuevas culturas y lugares alrededor del mundo.<\/p>\n<p style=\"color: var(--text-primary); font-size: 16px; font-style: normal; border-style: solid; border-color: rgb(217, 217, 227); margin-top: 1.25em; margin-bottom: 0px; font-family: S\u00f6hne, ui-sans-serif, system-ui, -apple-system, &quot;Segoe UI&quot;, Roboto, Ubuntu, Cantarell, &quot;Noto Sans&quot;, sans-serif, &quot;Helvetica Neue&quot;, Arial, &quot;Apple Color Emoji&quot;, &quot;Segoe UI Emoji&quot;, &quot;Segoe UI Symbol&quot;, &quot;Noto Color Emoji&quot;; white-space: pre-wrap;\">Este inter\u00e9s compartido en la familia y los viajes no solo destaca su \u00e9xito empresarial, sino tambi\u00e9n su enfoque en construir un estilo de vida que abarque todas las facetas de la vida. Danny y Andrea no solo son l\u00edderes en el mundo de los negocios, sino tambi\u00e9n defensores de una vida equilibrada y plena, donde los intereses familiares y la exploraci\u00f3n del mundo se entrelazan armoniosamente. Su historia no solo es de logros, sino tambi\u00e9n de la construcci\u00f3n de una vida rica en experiencias y conexiones significativas.<\/p>\t\t\t\t\t\t<\/div>\n\t\t\t\t<\/div>\n\t\t\t\t\t<\/div>\n\t\t<\/div>\n\t\t\t\t\t<\/div>\n\t\t<\/section>\n\t\t\t\t<section class=\"elementor-section elementor-top-section elementor-element elementor-element-569f6ed elementor-section-full_width elementor-hidden-mobile elementor-section-height-default elementor-section-height-default\" data-id=\"569f6ed\" data-element_type=\"section\">\n\t\t\t\t\t\t<div class=\"elementor-container elementor-column-gap-default\">\n\t\t\t\t\t<div class=\"elementor-column elementor-col-33 elementor-top-column elementor-element elementor-element-ef77639\" data-id=\"ef77639\" data-element_type=\"column\">\n\t\t\t<div class=\"elementor-widget-wrap elementor-element-populated\">\n\t\t\t\t\t\t<div class=\"elementor-element elementor-element-acf6301 elementor-widget elementor-widget-image\" data-id=\"acf6301\" data-element_type=\"widget\" data-widget_type=\"image.default\">\n\t\t\t\t<div class=\"elementor-widget-container\">\n\t\t\t\t\t\t\t\t\t\t\t\t\t<img fetchpriority=\"high\" decoding=\"async\" width=\"300\" height=\"225\" src=\"https:\/\/dannyyandrealopez.com\/wp-content\/uploads\/2023\/09\/WhatsApp-Image-2022-06-24-at-3.22.21-PM-9-300x225.jpeg\" class=\"attachment-medium size-medium wp-image-322\" alt=\"\" \/>\t\t\t\t\t\t\t\t\t\t\t\t\t<\/div>\n\t\t\t\t<\/div>\n\t\t\t\t<div class=\"elementor-element elementor-element-296f110 elementor-widget elementor-widget-image\" data-id=\"296f110\" data-element_type=\"widget\" data-widget_type=\"image.default\">\n\t\t\t\t<div class=\"elementor-widget-container\">\n\t\t\t\t\t\t\t\t\t\t\t\t\t<img decoding=\"async\" width=\"1024\" height=\"576\" src=\"https:\/\/dannyyandrealopez.com\/wp-content\/uploads\/2023\/09\/WhatsApp-Image-2022-06-24-at-3.29.35-PM-5.jpeg\" class=\"attachment-large size-large wp-image-326\" alt=\"\" \/>\t\t\t\t\t\t\t\t\t\t\t\t\t<\/div>\n\t\t\t\t<\/div>\n\t\t\t\t<div class=\"elementor-element elementor-element-c9ece14 elementor-widget elementor-widget-image\" data-id=\"c9ece14\" data-element_type=\"widget\" data-widget_type=\"image.default\">\n\t\t\t\t<div class=\"elementor-widget-container\">\n\t\t\t\t\t\t\t\t\t\t\t\t\t<img decoding=\"async\" width=\"768\" height=\"1024\" src=\"https:\/\/dannyyandrealopez.com\/wp-content\/uploads\/2023\/09\/WhatsApp-Image-2022-06-24-at-3.29.35-PM-1.jpeg\" class=\"attachment-large size-large wp-image-325\" alt=\"\" \/>\t\t\t\t\t\t\t\t\t\t\t\t\t<\/div>\n\t\t\t\t<\/div>\n\t\t\t\t<div class=\"elementor-element elementor-element-110a640 elementor-widget elementor-widget-image\" data-id=\"110a640\" data-element_type=\"widget\" data-widget_type=\"image.default\">\n\t\t\t\t<div class=\"elementor-widget-container\">\n\t\t\t\t\t\t\t\t\t\t\t\t\t<img loading=\"lazy\" decoding=\"async\" width=\"1024\" height=\"768\" src=\"https:\/\/dannyyandrealopez.com\/wp-content\/uploads\/2023\/09\/WhatsApp-Image-2022-06-24-at-3.32.10-PM-6.jpeg\" class=\"attachment-large size-large wp-image-331\" alt=\"\" \/>\t\t\t\t\t\t\t\t\t\t\t\t\t<\/div>\n\t\t\t\t<\/div>\n\t\t\t\t\t<\/div>\n\t\t<\/div>\n\t\t\t\t<div class=\"elementor-column elementor-col-33 elementor-top-column elementor-element elementor-element-7e4a333\" data-id=\"7e4a333\" data-element_type=\"column\">\n\t\t\t<div class=\"elementor-widget-wrap elementor-element-populated\">\n\t\t\t\t\t\t<div class=\"elementor-element elementor-element-5f60db9 elementor-widget elementor-widget-image\" data-id=\"5f60db9\" data-element_type=\"widget\" data-widget_type=\"image.default\">\n\t\t\t\t<div class=\"elementor-widget-container\">\n\t\t\t\t\t\t\t\t\t\t\t\t\t<img loading=\"lazy\" decoding=\"async\" width=\"768\" height=\"1024\" src=\"https:\/\/dannyyandrealopez.com\/wp-content\/uploads\/2023\/09\/WhatsApp-Image-2022-06-24-at-3.26.32-PM-3.jpeg\" class=\"attachment-large size-large wp-image-323\" alt=\"\" \/>\t\t\t\t\t\t\t\t\t\t\t\t\t<\/div>\n\t\t\t\t<\/div>\n\t\t\t\t<div class=\"elementor-element elementor-element-2eb7dc5 elementor-widget elementor-widget-image\" data-id=\"2eb7dc5\" data-element_type=\"widget\" data-widget_type=\"image.default\">\n\t\t\t\t<div class=\"elementor-widget-container\">\n\t\t\t\t\t\t\t\t\t\t\t\t\t<img loading=\"lazy\" decoding=\"async\" width=\"576\" height=\"1024\" src=\"https:\/\/dannyyandrealopez.com\/wp-content\/uploads\/2023\/09\/WhatsApp-Image-2022-06-24-at-3.32.10-PM-2.jpeg\" class=\"attachment-large size-large wp-image-329\" alt=\"\" \/>\t\t\t\t\t\t\t\t\t\t\t\t\t<\/div>\n\t\t\t\t<\/div>\n\t\t\t\t\t<\/div>\n\t\t<\/div>\n\t\t\t\t<div class=\"elementor-column elementor-col-33 elementor-top-column elementor-element elementor-element-853fe91\" data-id=\"853fe91\" data-element_type=\"column\">\n\t\t\t<div class=\"elementor-widget-wrap elementor-element-populated\">\n\t\t\t\t\t\t<div class=\"elementor-element elementor-element-e495412 elementor-widget elementor-widget-image\" data-id=\"e495412\" data-element_type=\"widget\" data-widget_type=\"image.default\">\n\t\t\t\t<div class=\"elementor-widget-container\">\n\t\t\t\t\t\t\t\t\t\t\t\t\t<img loading=\"lazy\" decoding=\"async\" width=\"1024\" height=\"768\" src=\"https:\/\/dannyyandrealopez.com\/wp-content\/uploads\/2023\/09\/WhatsApp-Image-2022-06-24-at-3.26.32-PM-4.jpeg\" class=\"attachment-large size-large wp-image-324\" alt=\"\" \/>\t\t\t\t\t\t\t\t\t\t\t\t\t<\/div>\n\t\t\t\t<\/div>\n\t\t\t\t<div class=\"elementor-element elementor-element-4f93bc1 elementor-widget elementor-widget-image\" data-id=\"4f93bc1\" data-element_type=\"widget\" data-widget_type=\"image.default\">\n\t\t\t\t<div class=\"elementor-widget-container\">\n\t\t\t\t\t\t\t\t\t\t\t\t\t<img loading=\"lazy\" decoding=\"async\" width=\"1024\" height=\"768\" src=\"https:\/\/dannyyandrealopez.com\/wp-content\/uploads\/2023\/09\/WhatsApp-Image-2022-06-24-at-3.32.10-PM-5.jpeg\" class=\"attachment-large size-large wp-image-330\" alt=\"\" \/>\t\t\t\t\t\t\t\t\t\t\t\t\t<\/div>\n\t\t\t\t<\/div>\n\t\t\t\t<div class=\"elementor-element elementor-element-d5274a5 elementor-widget elementor-widget-image\" data-id=\"d5274a5\" data-element_type=\"widget\" data-widget_type=\"image.default\">\n\t\t\t\t<div class=\"elementor-widget-container\">\n\t\t\t\t\t\t\t\t\t\t\t\t\t<img loading=\"lazy\" decoding=\"async\" width=\"953\" height=\"717\" src=\"https:\/\/dannyyandrealopez.com\/wp-content\/uploads\/2023\/09\/WhatsApp-Image-2022-06-24-at-3.32.10-PM.jpeg\" class=\"attachment-large size-large wp-image-332\" alt=\"\" \/>\t\t\t\t\t\t\t\t\t\t\t\t\t<\/div>\n\t\t\t\t<\/div>\n\t\t\t\t\t<\/div>\n\t\t<\/div>\n\t\t\t\t\t<\/div>\n\t\t<\/section>\n\t\t\t\t<section class=\"elementor-section elementor-top-section elementor-element elementor-element-a7dc9a8 elementor-hidden-desktop elementor-hidden-tablet elementor-section-boxed elementor-section-height-default elementor-section-height-default\" data-id=\"a7dc9a8\" data-element_type=\"section\">\n\t\t\t\t\t\t<div class=\"elementor-container elementor-column-gap-default\">\n\t\t\t\t\t<div class=\"elementor-column elementor-col-100 elementor-top-column elementor-element elementor-element-894b003\" data-id=\"894b003\" data-element_type=\"column\">\n\t\t\t<div class=\"elementor-widget-wrap elementor-element-populated\">\n\t\t\t\t\t\t<div class=\"elementor-element elementor-element-6603bf5 elementor-widget elementor-widget-text-editor\" data-id=\"6603bf5\" data-element_type=\"widget\" data-widget_type=\"text-editor.default\">\n\t\t\t\t<div class=\"elementor-widget-container\">\n\t\t\t\t\t\t\t<p>\t\t\t<style>\r\n                #foogallery-gallery-591.fg-justified .fg-item {\r\n                    margin-right: 3px;\r\n                    margin-bottom: 3px;\r\n                }\r\n\r\n                #foogallery-gallery-591.fg-justified .fg-image {\r\n                    height: 100px;\r\n                }\r\n\t\t\t<\/style>\r\n\t\t\t<div class=\"foogallery foogallery-container foogallery-justified foogallery-lightbox-foogallery fg-justified fg-light fg-shadow-outline fg-loading-default fg-loaded-fade-in fg-caption-always fg-hover-fade fg-hover-zoom2 fg-ready\" id=\"foogallery-gallery-591\" data-foogallery=\"{&quot;item&quot;:{&quot;showCaptionTitle&quot;:true,&quot;showCaptionDescription&quot;:false},&quot;lazy&quot;:true,&quot;template&quot;:{&quot;rowHeight&quot;:100,&quot;maxRowHeight&quot;:200,&quot;margins&quot;:3,&quot;align&quot;:&quot;center&quot;,&quot;lastRow&quot;:&quot;smart&quot;}}\" data-foogallery-lightbox=\"{&quot;thumbs&quot;:&quot;bottom&quot;,&quot;thumbsCaptions&quot;:false,&quot;thumbsBestFit&quot;:false,&quot;thumbsSmall&quot;:false,&quot;thumbsCaptionsAlign&quot;:&quot;default&quot;,&quot;info&quot;:&quot;bottom&quot;,&quot;infoVisible&quot;:true,&quot;infoOverlay&quot;:true,&quot;infoAlign&quot;:&quot;default&quot;,&quot;transition&quot;:&quot;fade&quot;,&quot;hoverButtons&quot;:false,&quot;fitMedia&quot;:false,&quot;noScrollbars&quot;:true,&quot;preserveButtonSpace&quot;:true,&quot;buttons&quot;:{&quot;fullscreen&quot;:true,&quot;info&quot;:true,&quot;thumbs&quot;:false},&quot;video&quot;:{&quot;autoPlay&quot;:true}}\" >\r\n\t<div class=\"fg-item fg-type-image fg-idle\"><figure class=\"fg-item-inner\"><a href=\"https:\/\/dannyyandrealopez.com\/wp-content\/uploads\/2023\/09\/WhatsApp-Image-2022-06-24-at-3.32.10-PM-1.jpeg\" data-attachment-id=\"328\" data-type=\"image\" class=\"fg-thumb\"><span class=\"fg-image-wrap\"><img decoding=\"async\" height=\"200\" width=\"113\" class=\"skip-lazy fg-image\" data-src-fg=\"https:\/\/dannyyandrealopez.com\/wp-content\/uploads\/cache\/2023\/09\/WhatsApp-Image-2022-06-24-at-3_32_10-PM-1\/2330345632.jpeg\" src=\"data:image\/svg+xml,%3Csvg%20xmlns%3D%22http%3A%2F%2Fwww.w3.org%2F2000%2Fsvg%22%20width%3D%22113%22%20height%3D%22200%22%20viewBox%3D%220%200%20113%20200%22%3E%3C%2Fsvg%3E\" loading=\"eager\"><\/span><span class=\"fg-image-overlay\"><\/span><\/a><figcaption class=\"fg-caption\"><div class=\"fg-caption-inner\"><\/div><\/figcaption><\/figure><div class=\"fg-loader\"><\/div><\/div><div class=\"fg-item fg-type-image fg-idle\"><figure class=\"fg-item-inner\"><a href=\"https:\/\/dannyyandrealopez.com\/wp-content\/uploads\/2023\/09\/WhatsApp-Image-2022-06-24-at-3.29.35-PM-1.jpeg\" data-attachment-id=\"325\" data-type=\"image\" class=\"fg-thumb\"><span class=\"fg-image-wrap\"><img decoding=\"async\" height=\"200\" width=\"150\" class=\"skip-lazy fg-image\" data-src-fg=\"https:\/\/dannyyandrealopez.com\/wp-content\/uploads\/cache\/2023\/09\/WhatsApp-Image-2022-06-24-at-3_29_35-PM-1\/3508048390.jpeg\" src=\"data:image\/svg+xml,%3Csvg%20xmlns%3D%22http%3A%2F%2Fwww.w3.org%2F2000%2Fsvg%22%20width%3D%22150%22%20height%3D%22200%22%20viewBox%3D%220%200%20150%20200%22%3E%3C%2Fsvg%3E\" loading=\"eager\"><\/span><span class=\"fg-image-overlay\"><\/span><\/a><figcaption class=\"fg-caption\"><div class=\"fg-caption-inner\"><\/div><\/figcaption><\/figure><div class=\"fg-loader\"><\/div><\/div><div class=\"fg-item fg-type-image fg-idle\"><figure class=\"fg-item-inner\"><a href=\"https:\/\/dannyyandrealopez.com\/wp-content\/uploads\/2023\/09\/WhatsApp-Image-2022-06-24-at-3.32.10-PM-2.jpeg\" data-attachment-id=\"329\" data-type=\"image\" class=\"fg-thumb\"><span class=\"fg-image-wrap\"><img decoding=\"async\" height=\"200\" width=\"113\" class=\"skip-lazy fg-image\" data-src-fg=\"https:\/\/dannyyandrealopez.com\/wp-content\/uploads\/cache\/2023\/09\/WhatsApp-Image-2022-06-24-at-3_32_10-PM-2\/3039147224.jpeg\" src=\"data:image\/svg+xml,%3Csvg%20xmlns%3D%22http%3A%2F%2Fwww.w3.org%2F2000%2Fsvg%22%20width%3D%22113%22%20height%3D%22200%22%20viewBox%3D%220%200%20113%20200%22%3E%3C%2Fsvg%3E\" loading=\"eager\"><\/span><span class=\"fg-image-overlay\"><\/span><\/a><figcaption class=\"fg-caption\"><div class=\"fg-caption-inner\"><\/div><\/figcaption><\/figure><div class=\"fg-loader\"><\/div><\/div><div class=\"fg-item fg-type-image fg-idle\"><figure class=\"fg-item-inner\"><a href=\"https:\/\/dannyyandrealopez.com\/wp-content\/uploads\/2023\/09\/WhatsApp-Image-2022-06-24-at-3.32.10-PM-5.jpeg\" data-attachment-id=\"330\" data-type=\"image\" class=\"fg-thumb\"><span class=\"fg-image-wrap\"><img decoding=\"async\" height=\"200\" width=\"267\" class=\"skip-lazy fg-image\" data-src-fg=\"https:\/\/dannyyandrealopez.com\/wp-content\/uploads\/cache\/2023\/09\/WhatsApp-Image-2022-06-24-at-3_32_10-PM-5\/1353373117.jpeg\" src=\"data:image\/svg+xml,%3Csvg%20xmlns%3D%22http%3A%2F%2Fwww.w3.org%2F2000%2Fsvg%22%20width%3D%22267%22%20height%3D%22200%22%20viewBox%3D%220%200%20267%20200%22%3E%3C%2Fsvg%3E\" loading=\"eager\"><\/span><span class=\"fg-image-overlay\"><\/span><\/a><figcaption class=\"fg-caption\"><div class=\"fg-caption-inner\"><\/div><\/figcaption><\/figure><div class=\"fg-loader\"><\/div><\/div><div class=\"fg-item fg-type-image fg-idle\"><figure class=\"fg-item-inner\"><a href=\"https:\/\/dannyyandrealopez.com\/wp-content\/uploads\/2023\/09\/WhatsApp-Image-2022-06-24-at-3.26.32-PM-3.jpeg\" data-attachment-id=\"323\" data-type=\"image\" class=\"fg-thumb\"><span class=\"fg-image-wrap\"><img decoding=\"async\" height=\"200\" width=\"150\" class=\"skip-lazy fg-image\" data-src-fg=\"https:\/\/dannyyandrealopez.com\/wp-content\/uploads\/cache\/2023\/09\/WhatsApp-Image-2022-06-24-at-3_26_32-PM-3\/1225232411.jpeg\" src=\"data:image\/svg+xml,%3Csvg%20xmlns%3D%22http%3A%2F%2Fwww.w3.org%2F2000%2Fsvg%22%20width%3D%22150%22%20height%3D%22200%22%20viewBox%3D%220%200%20150%20200%22%3E%3C%2Fsvg%3E\" loading=\"eager\"><\/span><span class=\"fg-image-overlay\"><\/span><\/a><figcaption class=\"fg-caption\"><div class=\"fg-caption-inner\"><\/div><\/figcaption><\/figure><div class=\"fg-loader\"><\/div><\/div><div class=\"fg-item fg-type-image fg-idle\"><figure class=\"fg-item-inner\"><a href=\"https:\/\/dannyyandrealopez.com\/wp-content\/uploads\/2023\/09\/WhatsApp-Image-2022-06-24-at-3.26.32-PM-4.jpeg\" data-attachment-id=\"324\" data-type=\"image\" class=\"fg-thumb\"><span class=\"fg-image-wrap\"><img decoding=\"async\" height=\"200\" width=\"267\" class=\"skip-lazy fg-image\" data-src-fg=\"https:\/\/dannyyandrealopez.com\/wp-content\/uploads\/cache\/2023\/09\/WhatsApp-Image-2022-06-24-at-3_26_32-PM-4\/1049528033.jpeg\" src=\"data:image\/svg+xml,%3Csvg%20xmlns%3D%22http%3A%2F%2Fwww.w3.org%2F2000%2Fsvg%22%20width%3D%22267%22%20height%3D%22200%22%20viewBox%3D%220%200%20267%20200%22%3E%3C%2Fsvg%3E\" loading=\"eager\"><\/span><span class=\"fg-image-overlay\"><\/span><\/a><figcaption class=\"fg-caption\"><div class=\"fg-caption-inner\"><\/div><\/figcaption><\/figure><div class=\"fg-loader\"><\/div><\/div><div class=\"fg-item fg-type-image fg-idle\"><figure class=\"fg-item-inner\"><a href=\"https:\/\/dannyyandrealopez.com\/wp-content\/uploads\/2023\/09\/WhatsApp-Image-2022-06-24-at-3.29.35-PM-5.jpeg\" data-attachment-id=\"326\" data-type=\"image\" class=\"fg-thumb\"><span class=\"fg-image-wrap\"><img decoding=\"async\" height=\"200\" width=\"356\" class=\"skip-lazy fg-image\" data-src-fg=\"https:\/\/dannyyandrealopez.com\/wp-content\/uploads\/cache\/2023\/09\/WhatsApp-Image-2022-06-24-at-3_29_35-PM-5\/2250742477.jpeg\" src=\"data:image\/svg+xml,%3Csvg%20xmlns%3D%22http%3A%2F%2Fwww.w3.org%2F2000%2Fsvg%22%20width%3D%22356%22%20height%3D%22200%22%20viewBox%3D%220%200%20356%20200%22%3E%3C%2Fsvg%3E\" loading=\"eager\"><\/span><span class=\"fg-image-overlay\"><\/span><\/a><figcaption class=\"fg-caption\"><div class=\"fg-caption-inner\"><\/div><\/figcaption><\/figure><div class=\"fg-loader\"><\/div><\/div><div class=\"fg-item fg-type-image fg-idle\"><figure class=\"fg-item-inner\"><a href=\"https:\/\/dannyyandrealopez.com\/wp-content\/uploads\/2023\/09\/WhatsApp-Image-2022-06-24-at-3.32.10-PM-6.jpeg\" data-attachment-id=\"331\" data-type=\"image\" class=\"fg-thumb\"><span class=\"fg-image-wrap\"><img decoding=\"async\" height=\"200\" width=\"267\" class=\"skip-lazy fg-image\" data-src-fg=\"https:\/\/dannyyandrealopez.com\/wp-content\/uploads\/cache\/2023\/09\/WhatsApp-Image-2022-06-24-at-3_32_10-PM-6\/1869160901.jpeg\" src=\"data:image\/svg+xml,%3Csvg%20xmlns%3D%22http%3A%2F%2Fwww.w3.org%2F2000%2Fsvg%22%20width%3D%22267%22%20height%3D%22200%22%20viewBox%3D%220%200%20267%20200%22%3E%3C%2Fsvg%3E\" loading=\"eager\"><\/span><span class=\"fg-image-overlay\"><\/span><\/a><figcaption class=\"fg-caption\"><div class=\"fg-caption-inner\"><\/div><\/figcaption><\/figure><div class=\"fg-loader\"><\/div><\/div><div class=\"fg-item fg-type-image fg-idle\"><figure class=\"fg-item-inner\"><a href=\"https:\/\/dannyyandrealopez.com\/wp-content\/uploads\/2023\/09\/WhatsApp-Image-2022-06-24-at-3.32.10-PM.jpeg\" data-attachment-id=\"332\" data-type=\"image\" class=\"fg-thumb\"><span class=\"fg-image-wrap\"><img decoding=\"async\" height=\"200\" width=\"266\" class=\"skip-lazy fg-image\" data-src-fg=\"https:\/\/dannyyandrealopez.com\/wp-content\/uploads\/cache\/2023\/09\/WhatsApp-Image-2022-06-24-at-3_32_10-PM\/837083142.jpeg\" src=\"data:image\/svg+xml,%3Csvg%20xmlns%3D%22http%3A%2F%2Fwww.w3.org%2F2000%2Fsvg%22%20width%3D%22266%22%20height%3D%22200%22%20viewBox%3D%220%200%20266%20200%22%3E%3C%2Fsvg%3E\" loading=\"eager\"><\/span><span class=\"fg-image-overlay\"><\/span><\/a><figcaption class=\"fg-caption\"><div class=\"fg-caption-inner\"><\/div><\/figcaption><\/figure><div class=\"fg-loader\"><\/div><\/div><div class=\"fg-item fg-type-image fg-idle\"><figure class=\"fg-item-inner\"><a href=\"https:\/\/dannyyandrealopez.com\/wp-content\/uploads\/2023\/09\/WhatsApp-Image-2022-06-24-at-3.22.21-PM-9.jpeg\" data-attachment-id=\"322\" data-type=\"image\" class=\"fg-thumb\"><span class=\"fg-image-wrap\"><img decoding=\"async\" height=\"200\" width=\"267\" class=\"skip-lazy fg-image\" data-src-fg=\"https:\/\/dannyyandrealopez.com\/wp-content\/uploads\/cache\/2023\/09\/WhatsApp-Image-2022-06-24-at-3_22_21-PM-9\/1827998660.jpeg\" src=\"data:image\/svg+xml,%3Csvg%20xmlns%3D%22http%3A%2F%2Fwww.w3.org%2F2000%2Fsvg%22%20width%3D%22267%22%20height%3D%22200%22%20viewBox%3D%220%200%20267%20200%22%3E%3C%2Fsvg%3E\" loading=\"eager\"><\/span><span class=\"fg-image-overlay\"><\/span><\/a><figcaption class=\"fg-caption\"><div class=\"fg-caption-inner\"><\/div><\/figcaption><\/figure><div class=\"fg-loader\"><\/div><\/div><\/div>\r\n<\/p>\t\t\t\t\t\t<\/div>\n\t\t\t\t<\/div>\n\t\t\t\t\t<\/div>\n\t\t<\/div>\n\t\t\t\t\t<\/div>\n\t\t<\/section>\n\t\t\t\t<\/div>","protected":false},"excerpt":{"rendered":"<p>Inspiracion Adem\u00e1s de sus logros, Danny y Andrea L\u00f3pez son padres dedicados de dos hijos, Paula y Rodrigo, quienes son la mayor inspiraci\u00f3n de sus vidas. La dedicaci\u00f3n a ser padres a tiempo completo refleja su compromiso no solo con el \u00e9xito profesional, sino tambi\u00e9n con el \u00e9xito y bienestar de su familia. Aman viajar &hellip;<\/p>\n<p class=\"read-more\"> <a class=\"\" href=\"https:\/\/dannyyandrealopez.com\/en\/intereses\/\"> <span class=\"screen-reader-text\">Inspiraci\u00f3n<\/span> Read More &raquo;<\/a><\/p>","protected":false},"author":1,"featured_media":0,"parent":0,"menu_order":0,"comment_status":"closed","ping_status":"closed","template":"","meta":{"site-sidebar-layout":"no-sidebar","site-content-layout":"","ast-site-content-layout":"full-width-container","site-content-style":"default","site-sidebar-style":"default","ast-global-header-display":"","ast-banner-title-visibility":"","ast-main-header-display":"","ast-hfb-above-header-display":"","ast-hfb-below-header-display":"","ast-hfb-mobile-header-display":"","site-post-title":"disabled","ast-breadcrumbs-content":"","ast-featured-img":"disabled","footer-sml-layout":"","theme-transparent-header-meta":"","adv-header-id-meta":"","stick-header-meta":"","header-above-stick-meta":"","header-main-stick-meta":"","header-below-stick-meta":"","astra-migrate-meta-layouts":"","_themeisle_gutenberg_block_has_review":false,"footnotes":""},"class_list":["post-314","page","type-page","status-publish","hentry"],"rttpg_featured_image_url":null,"rttpg_author":{"display_name":"Danny y Andrea Lopez","author_link":"https:\/\/dannyyandrealopez.com\/en\/author\/dannyyandrea\/"},"rttpg_comment":0,"rttpg_category":null,"rttpg_excerpt":"Inspiracion Adem\u00e1s de sus logros, Danny y Andrea L\u00f3pez son padres dedicados de dos hijos, Paula y Rodrigo, quienes son la mayor inspiraci\u00f3n de sus vidas. La dedicaci\u00f3n a ser padres a tiempo completo refleja su compromiso no solo con el \u00e9xito profesional, sino tambi\u00e9n con el \u00e9xito y bienestar de su familia. Aman viajar&hellip;","_links":{"self":[{"href":"https:\/\/dannyyandrealopez.com\/en\/wp-json\/wp\/v2\/pages\/314"}],"collection":[{"href":"https:\/\/dannyyandrealopez.com\/en\/wp-json\/wp\/v2\/pages"}],"about":[{"href":"https:\/\/dannyyandrealopez.com\/en\/wp-json\/wp\/v2\/types\/page"}],"author":[{"embeddable":true,"href":"https:\/\/dannyyandrealopez.com\/en\/wp-json\/wp\/v2\/users\/1"}],"replies":[{"embeddable":true,"href":"https:\/\/dannyyandrealopez.com\/en\/wp-json\/wp\/v2\/comments?post=314"}],"version-history":[{"count":20,"href":"https:\/\/dannyyandrealopez.com\/en\/wp-json\/wp\/v2\/pages\/314\/revisions"}],"predecessor-version":[{"id":855,"href":"https:\/\/dannyyandrealopez.com\/en\/wp-json\/wp\/v2\/pages\/314\/revisions\/855"}],"wp:attachment":[{"href":"https:\/\/dannyyandrealopez.com\/en\/wp-json\/wp\/v2\/media?parent=314"}],"curies":[{"name":"wp","href":"https:\/\/api.w.org\/{rel}","templated":true}]}}