{"id":368,"date":"2023-09-11T00:05:31","date_gmt":"2023-09-11T04:05:31","guid":{"rendered":"https:\/\/dannyyandrealopez.com\/?page_id=368"},"modified":"2025-01-23T12:49:51","modified_gmt":"2025-01-23T17:49:51","slug":"blog","status":"publish","type":"page","link":"https:\/\/dannyyandrealopez.com\/en\/blog\/","title":{"rendered":"Blog"},"content":{"rendered":"<div data-elementor-type=\"wp-page\" data-elementor-id=\"368\" class=\"elementor elementor-368\">\n\t\t\t\t\t\t<section class=\"elementor-section elementor-top-section elementor-element elementor-element-1e0b78de elementor-section-full_width elementor-section-height-default elementor-section-height-default\" data-id=\"1e0b78de\" data-element_type=\"section\" data-settings=\"{&quot;background_background&quot;:&quot;classic&quot;}\">\n\t\t\t\t\t\t<div class=\"elementor-container elementor-column-gap-default\">\n\t\t\t\t\t<div class=\"elementor-column elementor-col-100 elementor-top-column elementor-element elementor-element-5f8d8df6\" data-id=\"5f8d8df6\" data-element_type=\"column\" data-settings=\"{&quot;background_background&quot;:&quot;classic&quot;}\">\n\t\t\t<div class=\"elementor-widget-wrap elementor-element-populated\">\n\t\t\t\t\t\t<div class=\"elementor-element elementor-element-466d1a2e elementor-widget elementor-widget-heading\" data-id=\"466d1a2e\" data-element_type=\"widget\" data-widget_type=\"heading.default\">\n\t\t\t\t<div class=\"elementor-widget-container\">\n\t\t\t<h4 class=\"elementor-heading-title elementor-size-default\">Blog<\/h4>\t\t<\/div>\n\t\t\t\t<\/div>\n\t\t\t\t\t<\/div>\n\t\t<\/div>\n\t\t\t\t\t<\/div>\n\t\t<\/section>\n\t\t\t\t<section class=\"elementor-section elementor-top-section elementor-element elementor-element-33a5b5c elementor-section-boxed elementor-section-height-default elementor-section-height-default\" data-id=\"33a5b5c\" data-element_type=\"section\">\n\t\t\t\t\t\t<div class=\"elementor-container elementor-column-gap-default\">\n\t\t\t\t\t<div class=\"elementor-column elementor-col-100 elementor-top-column elementor-element elementor-element-c6fc9ff\" data-id=\"c6fc9ff\" data-element_type=\"column\">\n\t\t\t<div class=\"elementor-widget-wrap elementor-element-populated\">\n\t\t\t\t\t\t<div class=\"elementor-element elementor-element-36dd6d8 tpg-wrapper-align-left meta-visibility-show title_position_default title_hover_border_default title-default img_hover_animation_default meta_position_default readmore-btn-default-style grid-hover-overlay-type-always tpg-el-box-border-enable tpg-border-bottom-disable elementor-widget elementor-widget-tpg-grid-layout\" data-id=\"36dd6d8\" data-element_type=\"widget\" data-widget_type=\"tpg-grid-layout.default\">\n\t\t\t\t<div class=\"elementor-widget-container\">\n\t\t\t\t\t<div class=\"rt-container-fluid rt-tpg-container tpg-el-main-wrapper clearfix grid-layout1-main\"\n\t\t\t id=\"rt-tpg-container-126043340\"\n\t\t\t data-layout=\"grid-layout1\"\n\t\t\t data-grid-style=\"tpg-full-height\"\n\t\t\t data-sc-id=\"elementor\"\n\t\t\t data-el-settings=''\n\t\t\t data-el-query=''\n\t\t\t data-el-path=''\n\t\t>\n\n\t\t\t\t\t\t<div class='tpg-header-wrapper'>\n\t\t\t\t\t\t\t<\/div>\n\n\t\t\t<div data-title=\"Loading ...\" class=\"rt-row rt-content-loader grid-layout1 grid-behaviour tpg-full-height grid_layout_wrapper\">\n\t\t\t\t<div class=\"rt-col-md-4 rt-col-sm-6 rt-col-xs-12 default rt-grid-item post-953 post type-post status-publish format-standard has-post-thumbnail hentry category-uncategorized\"\t\tdata-id=\"953\">\n\t<div class=\"rt-holder tpg-post-holder\">\n\t\t<div class=\"rt-detail rt-el-content-wrapper\">\n\t\t\t\t\t\t\t<div class=\"rt-img-holder tpg-el-image-wrap has-thumbnail\">\n\t\t\t\t\t<a data-id=\"953\" href=\"https:\/\/dannyyandrealopez.com\/en\/es-importante-como-pensamos-influye-en-nuestro-exito-integral\/\" class=\"tpg-post-link\" target=\"_self\">                        <img fetchpriority=\"high\" decoding=\"async\" src=\"https:\/\/dannyyandrealopez.com\/wp-content\/uploads\/2025\/02\/Pensamiento.png\"\n                             class=\"rt-img-responsive\"\n                             width=\"1200\"\n                             height=\"820\"\n                             alt=\"\u00bfEs importante c\u00f3mo pensamos? \u00bfInfluye en nuestro \u00e9xito integral?\">\n\t\t\t\t\t\t\n\t\t\t\t\t\t\t\n\t\t<\/a>\n\t\t        <div class=\"overlay grid-hover-content\"><\/div>\n\t\t\t\t\t\t<\/div>\n\t\t\t\n\t\t\t<div class=\"entry-title-wrapper\"><h3 class=\"entry-title\"><a data-id=\"953\" href=\"https:\/\/dannyyandrealopez.com\/en\/es-importante-como-pensamos-influye-en-nuestro-exito-integral\/\" class=\"tpg-post-link\" target=\"_self\">\u00bfEs importante c\u00f3mo pensamos? \u00bfInfluye en nuestro \u00e9xito integral?<\/a><\/h3><\/div>\n\t\t\t\t\t\t\t<div class=\"post-meta-tags rt-el-post-meta\">\n\t\t\t\t\t            <span class='date'>\n\t\t\t\t<i class='far fa-calendar-alt'><\/i>\t\t\t\t<a href=\"https:\/\/dannyyandrealopez.com\/en\/2025\/02\/05\/\">\n\t\t\t\t\tFebruary 5, 2025\t\t\t\t<\/a>\n\t\t\t<\/span>\n\t\t\t\t\t\t\t<\/div>\n\t\t\t\n\n\t\t\t\t\t\t\t<div class=\"tpg-excerpt tpg-el-excerpt\">\n\t\t\t\t\t\t\t\t\t\t\t<div class=\"tpg-excerpt-inner\">\n\t\t\t\t\t\t\t\u00ab\u00bfQu\u00e9 pasar\u00eda si te dijera que tus pensamientos pueden estar dise\u00f1ando tu Vida?\u00bb Todo lo que...\t\t\t\t\t\t<\/div>\n\t\t\t\t\t\t\t\t\t\t\t\t\t\t<\/div>\n\t\t\t\n\t\t\t        <div class=\"post-footer\">\n            <div class=\"post-footer\">\n                <div class=\"read-more\">\n\t\t\t\t\t<a data-id=\"953\" href=\"https:\/\/dannyyandrealopez.com\/en\/es-importante-como-pensamos-influye-en-nuestro-exito-integral\/\" class=\"tpg-post-link\" target=\"_self\">Leer mas<\/a>                <\/div>\n            <\/div>\n        <\/div>\n\t\t\t\t<\/div>\n\t<\/div>\n<\/div>\n<div class=\"rt-col-md-4 rt-col-sm-6 rt-col-xs-12 default rt-grid-item post-939 post type-post status-publish format-standard has-post-thumbnail hentry category-uncategorized\"\t\tdata-id=\"939\">\n\t<div class=\"rt-holder tpg-post-holder\">\n\t\t<div class=\"rt-detail rt-el-content-wrapper\">\n\t\t\t\t\t\t\t<div class=\"rt-img-holder tpg-el-image-wrap has-thumbnail\">\n\t\t\t\t\t<a data-id=\"939\" href=\"https:\/\/dannyyandrealopez.com\/en\/resiliencia-el-secreto-de-los-que-triunfan-%f0%9f%8c%9f\/\" class=\"tpg-post-link\" target=\"_self\">                        <img decoding=\"async\" src=\"https:\/\/dannyyandrealopez.com\/wp-content\/uploads\/2025\/01\/DALL\u00b7E-2025-01-31-14.28.30-A-minimalistic-flat-cartoon-style-illustration-clearly-representing-resilience.-The-image-features-a-human-figure-standing-triumphantly-at-the-top-of--e1738352018934.webp\"\n                             class=\"rt-img-responsive\"\n                             width=\"824\"\n                             height=\"579\"\n                             alt=\"RESILIENCIA: EL SECRETO DE LOS QUE TRIUNFAN\u00a0\ud83c\udf1f\">\n\t\t\t\t\t\t\n\t\t\t\t\t\t\t\n\t\t<\/a>\n\t\t        <div class=\"overlay grid-hover-content\"><\/div>\n\t\t\t\t\t\t<\/div>\n\t\t\t\n\t\t\t<div class=\"entry-title-wrapper\"><h3 class=\"entry-title\"><a data-id=\"939\" href=\"https:\/\/dannyyandrealopez.com\/en\/resiliencia-el-secreto-de-los-que-triunfan-%f0%9f%8c%9f\/\" class=\"tpg-post-link\" target=\"_self\">RESILIENCIA: EL SECRETO DE LOS QUE TRIUNFAN\u00a0\ud83c\udf1f<\/a><\/h3><\/div>\n\t\t\t\t\t\t\t<div class=\"post-meta-tags rt-el-post-meta\">\n\t\t\t\t\t            <span class='date'>\n\t\t\t\t<i class='far fa-calendar-alt'><\/i>\t\t\t\t<a href=\"https:\/\/dannyyandrealopez.com\/en\/2025\/01\/31\/\">\n\t\t\t\t\tJanuary 31, 2025\t\t\t\t<\/a>\n\t\t\t<\/span>\n\t\t\t\t\t\t\t<\/div>\n\t\t\t\n\n\t\t\t\t\t\t\t<div class=\"tpg-excerpt tpg-el-excerpt\">\n\t\t\t\t\t\t\t\t\t\t\t<div class=\"tpg-excerpt-inner\">\n\t\t\t\t\t\t\tLa vida no es un camino recto a veces parece m\u00e1s bien un laberinto sin salida. Hay d\u00edas en los que...\t\t\t\t\t\t<\/div>\n\t\t\t\t\t\t\t\t\t\t\t\t\t\t<\/div>\n\t\t\t\n\t\t\t        <div class=\"post-footer\">\n            <div class=\"post-footer\">\n                <div class=\"read-more\">\n\t\t\t\t\t<a data-id=\"939\" href=\"https:\/\/dannyyandrealopez.com\/en\/resiliencia-el-secreto-de-los-que-triunfan-%f0%9f%8c%9f\/\" class=\"tpg-post-link\" target=\"_self\">Leer mas<\/a>                <\/div>\n            <\/div>\n        <\/div>\n\t\t\t\t<\/div>\n\t<\/div>\n<\/div>\n<div class=\"rt-col-md-4 rt-col-sm-6 rt-col-xs-12 default rt-grid-item post-935 post type-post status-publish format-standard has-post-thumbnail hentry category-uncategorized\"\t\tdata-id=\"935\">\n\t<div class=\"rt-holder tpg-post-holder\">\n\t\t<div class=\"rt-detail rt-el-content-wrapper\">\n\t\t\t\t\t\t\t<div class=\"rt-img-holder tpg-el-image-wrap has-thumbnail\">\n\t\t\t\t\t<a data-id=\"935\" href=\"https:\/\/dannyyandrealopez.com\/en\/que-harias-si-supieras-que-puedes-vencer-tus-miedos\/\" class=\"tpg-post-link\" target=\"_self\">                        <img decoding=\"async\" src=\"https:\/\/dannyyandrealopez.com\/wp-content\/uploads\/2025\/01\/WhatsApp-Image-2025-01-27-at-6.56.26-PM-e1738075913672.jpeg\"\n                             class=\"rt-img-responsive\"\n                             width=\"836\"\n                             height=\"555\"\n                             alt=\"\u00bfQue har\u00edas si supieras que puedes vencer tus miedos?\">\n\t\t\t\t\t\t\n\t\t\t\t\t\t\t\n\t\t<\/a>\n\t\t        <div class=\"overlay grid-hover-content\"><\/div>\n\t\t\t\t\t\t<\/div>\n\t\t\t\n\t\t\t<div class=\"entry-title-wrapper\"><h3 class=\"entry-title\"><a data-id=\"935\" href=\"https:\/\/dannyyandrealopez.com\/en\/que-harias-si-supieras-que-puedes-vencer-tus-miedos\/\" class=\"tpg-post-link\" target=\"_self\">\u00bfQue har\u00edas si supieras que puedes vencer tus miedos?<\/a><\/h3><\/div>\n\t\t\t\t\t\t\t<div class=\"post-meta-tags rt-el-post-meta\">\n\t\t\t\t\t            <span class='date'>\n\t\t\t\t<i class='far fa-calendar-alt'><\/i>\t\t\t\t<a href=\"https:\/\/dannyyandrealopez.com\/en\/2025\/01\/27\/\">\n\t\t\t\t\tJanuary 27, 2025\t\t\t\t<\/a>\n\t\t\t<\/span>\n\t\t\t\t\t\t\t<\/div>\n\t\t\t\n\n\t\t\t\t\t\t\t<div class=\"tpg-excerpt tpg-el-excerpt\">\n\t\t\t\t\t\t\t\t\t\t\t<div class=\"tpg-excerpt-inner\">\n\t\t\t\t\t\t\tEl miedo es una de las emociones m\u00e1s poderosas que experimentamos. Nos advierte de posibles peligros...\t\t\t\t\t\t<\/div>\n\t\t\t\t\t\t\t\t\t\t\t\t\t\t<\/div>\n\t\t\t\n\t\t\t        <div class=\"post-footer\">\n            <div class=\"post-footer\">\n                <div class=\"read-more\">\n\t\t\t\t\t<a data-id=\"935\" href=\"https:\/\/dannyyandrealopez.com\/en\/que-harias-si-supieras-que-puedes-vencer-tus-miedos\/\" class=\"tpg-post-link\" target=\"_self\">Leer mas<\/a>                <\/div>\n            <\/div>\n        <\/div>\n\t\t\t\t<\/div>\n\t<\/div>\n<\/div>\n<div class=\"rt-col-md-4 rt-col-sm-6 rt-col-xs-12 default rt-grid-item post-932 post type-post status-publish format-standard has-post-thumbnail hentry category-uncategorized\"\t\tdata-id=\"932\">\n\t<div class=\"rt-holder tpg-post-holder\">\n\t\t<div class=\"rt-detail rt-el-content-wrapper\">\n\t\t\t\t\t\t\t<div class=\"rt-img-holder tpg-el-image-wrap has-thumbnail\">\n\t\t\t\t\t<a data-id=\"932\" href=\"https:\/\/dannyyandrealopez.com\/en\/y-si-la-clave-para-alcanzar-tus-metas-estuviera-en-algo-tan-simple-como-la-disciplina\/\" class=\"tpg-post-link\" target=\"_self\">                        <img loading=\"lazy\" decoding=\"async\" src=\"https:\/\/dannyyandrealopez.com\/wp-content\/uploads\/2025\/01\/Disciplinna-BLOG.jpg\"\n                             class=\"rt-img-responsive\"\n                             width=\"700\"\n                             height=\"461\"\n                             alt=\"\u201d\u00bfY si la clave para alcanzar tus metas estuviera en algo tan simple como la disciplina?\u201d\">\n\t\t\t\t\t\t\n\t\t\t\t\t\t\t\n\t\t<\/a>\n\t\t        <div class=\"overlay grid-hover-content\"><\/div>\n\t\t\t\t\t\t<\/div>\n\t\t\t\n\t\t\t<div class=\"entry-title-wrapper\"><h3 class=\"entry-title\"><a data-id=\"932\" href=\"https:\/\/dannyyandrealopez.com\/en\/y-si-la-clave-para-alcanzar-tus-metas-estuviera-en-algo-tan-simple-como-la-disciplina\/\" class=\"tpg-post-link\" target=\"_self\">\u201d\u00bfY si la clave para alcanzar tus metas estuviera en algo tan simple como la disciplina?\u201d<\/a><\/h3><\/div>\n\t\t\t\t\t\t\t<div class=\"post-meta-tags rt-el-post-meta\">\n\t\t\t\t\t            <span class='date'>\n\t\t\t\t<i class='far fa-calendar-alt'><\/i>\t\t\t\t<a href=\"https:\/\/dannyyandrealopez.com\/en\/2025\/01\/24\/\">\n\t\t\t\t\tJanuary 24, 2025\t\t\t\t<\/a>\n\t\t\t<\/span>\n\t\t\t\t\t\t\t<\/div>\n\t\t\t\n\n\t\t\t\t\t\t\t<div class=\"tpg-excerpt tpg-el-excerpt\">\n\t\t\t\t\t\t\t\t\t\t\t<div class=\"tpg-excerpt-inner\">\n\t\t\t\t\t\t\t\u00bfEs importante la disciplina? \u201d\u00bfY si la clave para alcanzar tus metas estuviera en algo tan simple...\t\t\t\t\t\t<\/div>\n\t\t\t\t\t\t\t\t\t\t\t\t\t\t<\/div>\n\t\t\t\n\t\t\t        <div class=\"post-footer\">\n            <div class=\"post-footer\">\n                <div class=\"read-more\">\n\t\t\t\t\t<a data-id=\"932\" href=\"https:\/\/dannyyandrealopez.com\/en\/y-si-la-clave-para-alcanzar-tus-metas-estuviera-en-algo-tan-simple-como-la-disciplina\/\" class=\"tpg-post-link\" target=\"_self\">Leer mas<\/a>                <\/div>\n            <\/div>\n        <\/div>\n\t\t\t\t<\/div>\n\t<\/div>\n<\/div>\n<div class=\"rt-col-md-4 rt-col-sm-6 rt-col-xs-12 default rt-grid-item post-761 post type-post status-publish format-standard has-post-thumbnail hentry category-uncategorized\"\t\tdata-id=\"761\">\n\t<div class=\"rt-holder tpg-post-holder\">\n\t\t<div class=\"rt-detail rt-el-content-wrapper\">\n\t\t\t\t\t\t\t<div class=\"rt-img-holder tpg-el-image-wrap has-thumbnail\">\n\t\t\t\t\t<a data-id=\"761\" href=\"https:\/\/dannyyandrealopez.com\/en\/sonreir-influye-en-nuestra-vida\/\" class=\"tpg-post-link\" target=\"_self\">                        <img loading=\"lazy\" decoding=\"async\" src=\"https:\/\/dannyyandrealopez.com\/wp-content\/uploads\/2025\/01\/134024-Img-Smile-Illustration-1600x522-1-e1737650485618.png\"\n                             class=\"rt-img-responsive\"\n                             width=\"826\"\n                             height=\"520\"\n                             alt=\"\u00bfSonre\u00edr influye en nuestra vida?\">\n\t\t\t\t\t\t\n\t\t\t\t\t\t\t\n\t\t<\/a>\n\t\t        <div class=\"overlay grid-hover-content\"><\/div>\n\t\t\t\t\t\t<\/div>\n\t\t\t\n\t\t\t<div class=\"entry-title-wrapper\"><h3 class=\"entry-title\"><a data-id=\"761\" href=\"https:\/\/dannyyandrealopez.com\/en\/sonreir-influye-en-nuestra-vida\/\" class=\"tpg-post-link\" target=\"_self\">\u00bfSonre\u00edr influye en nuestra vida?<\/a><\/h3><\/div>\n\t\t\t\t\t\t\t<div class=\"post-meta-tags rt-el-post-meta\">\n\t\t\t\t\t            <span class='date'>\n\t\t\t\t<i class='far fa-calendar-alt'><\/i>\t\t\t\t<a href=\"https:\/\/dannyyandrealopez.com\/en\/2025\/01\/23\/\">\n\t\t\t\t\tJanuary 23, 2025\t\t\t\t<\/a>\n\t\t\t<\/span>\n\t\t\t\t\t\t\t<\/div>\n\t\t\t\n\n\t\t\t\t\t\t\t<div class=\"tpg-excerpt tpg-el-excerpt\">\n\t\t\t\t\t\t\t\t\t\t\t<div class=\"tpg-excerpt-inner\">\n\t\t\t\t\t\t\t\u201cLo que est\u00e1s buscando para mejorar tu vida podr\u00eda ser m\u00e1s simple de lo que imaginas\u201d Estar\u00e1s de...\t\t\t\t\t\t<\/div>\n\t\t\t\t\t\t\t\t\t\t\t\t\t\t<\/div>\n\t\t\t\n\t\t\t        <div class=\"post-footer\">\n            <div class=\"post-footer\">\n                <div class=\"read-more\">\n\t\t\t\t\t<a data-id=\"761\" href=\"https:\/\/dannyyandrealopez.com\/en\/sonreir-influye-en-nuestra-vida\/\" class=\"tpg-post-link\" target=\"_self\">Leer mas<\/a>                <\/div>\n            <\/div>\n        <\/div>\n\t\t\t\t<\/div>\n\t<\/div>\n<\/div>\n<div class=\"rt-col-md-4 rt-col-sm-6 rt-col-xs-12 default rt-grid-item post-741 post type-post status-publish format-standard has-post-thumbnail hentry category-uncategorized\"\t\tdata-id=\"741\">\n\t<div class=\"rt-holder tpg-post-holder\">\n\t\t<div class=\"rt-detail rt-el-content-wrapper\">\n\t\t\t\t\t\t\t<div class=\"rt-img-holder tpg-el-image-wrap has-thumbnail\">\n\t\t\t\t\t<a data-id=\"741\" href=\"https:\/\/dannyyandrealopez.com\/en\/que-puede-ayudarte-en-tu-salud-mental-el-ser-libre\/\" class=\"tpg-post-link\" target=\"_self\">                        <img loading=\"lazy\" decoding=\"async\" src=\"https:\/\/dannyyandrealopez.com\/wp-content\/uploads\/2025\/01\/imagen1-e1737650631142.webp\"\n                             class=\"rt-img-responsive\"\n                             width=\"1005\"\n                             height=\"651\"\n                             alt=\"\u00bfComo puede ayudarte en tu salud mental, el ser libre?\">\n\t\t\t\t\t\t\n\t\t\t\t\t\t\t\n\t\t<\/a>\n\t\t        <div class=\"overlay grid-hover-content\"><\/div>\n\t\t\t\t\t\t<\/div>\n\t\t\t\n\t\t\t<div class=\"entry-title-wrapper\"><h3 class=\"entry-title\"><a data-id=\"741\" href=\"https:\/\/dannyyandrealopez.com\/en\/que-puede-ayudarte-en-tu-salud-mental-el-ser-libre\/\" class=\"tpg-post-link\" target=\"_self\">\u00bfComo puede ayudarte en tu salud mental, el ser libre?<\/a><\/h3><\/div>\n\t\t\t\t\t\t\t<div class=\"post-meta-tags rt-el-post-meta\">\n\t\t\t\t\t            <span class='date'>\n\t\t\t\t<i class='far fa-calendar-alt'><\/i>\t\t\t\t<a href=\"https:\/\/dannyyandrealopez.com\/en\/2025\/01\/22\/\">\n\t\t\t\t\tJanuary 22, 2025\t\t\t\t<\/a>\n\t\t\t<\/span>\n\t\t\t\t\t\t\t<\/div>\n\t\t\t\n\n\t\t\t\t\t\t\t<div class=\"tpg-excerpt tpg-el-excerpt\">\n\t\t\t\t\t\t\t\t\t\t\t<div class=\"tpg-excerpt-inner\">\n\t\t\t\t\t\t\tLa libertad tiene un impacto significativo en la salud mental, ya que nos permite vivir de manera...\t\t\t\t\t\t<\/div>\n\t\t\t\t\t\t\t\t\t\t\t\t\t\t<\/div>\n\t\t\t\n\t\t\t        <div class=\"post-footer\">\n            <div class=\"post-footer\">\n                <div class=\"read-more\">\n\t\t\t\t\t<a data-id=\"741\" href=\"https:\/\/dannyyandrealopez.com\/en\/que-puede-ayudarte-en-tu-salud-mental-el-ser-libre\/\" class=\"tpg-post-link\" target=\"_self\">Leer mas<\/a>                <\/div>\n            <\/div>\n        <\/div>\n\t\t\t\t<\/div>\n\t<\/div>\n<\/div>\n\t\t\t<\/div>\n\t\t\t\n\t\t<\/div>\n\t\t\t\t<\/div>\n\t\t\t\t<\/div>\n\t\t\t\t\t<\/div>\n\t\t<\/div>\n\t\t\t\t\t<\/div>\n\t\t<\/section>\n\t\t\t\t<\/div>","protected":false},"excerpt":{"rendered":"<p>Blog \u00bfSonre\u00edr influye en nuestra vida? enero 23, 2025 \u201cLo que est\u00e1s buscando para mejorar tu vida podr\u00eda ser m\u00e1s simple de lo que imaginas\u201d Estar\u00e1s de&#8230; Leer mas \u00bfComo puede ayudarte en tu salud mental, el ser libre? enero 22, 2025 La libertad tiene un impacto significativo en la salud mental, ya que nos &hellip;<\/p>\n<p class=\"read-more\"> <a class=\"\" href=\"https:\/\/dannyyandrealopez.com\/en\/que-puede-ayudarte-en-tu-salud-mental-el-ser-libre\/\"> <span class=\"screen-reader-text\">\u00bfComo puede ayudarte en tu salud mental, el ser libre?<\/span> Read More &raquo;<\/a><\/p>","protected":false},"author":1,"featured_media":0,"parent":0,"menu_order":0,"comment_status":"closed","ping_status":"closed","template":"","meta":{"site-sidebar-layout":"no-sidebar","site-content-layout":"","ast-site-content-layout":"full-width-container","site-content-style":"default","site-sidebar-style":"default","ast-global-header-display":"","ast-banner-title-visibility":"","ast-main-header-display":"","ast-hfb-above-header-display":"","ast-hfb-below-header-display":"","ast-hfb-mobile-header-display":"","site-post-title":"disabled","ast-breadcrumbs-content":"","ast-featured-img":"disabled","footer-sml-layout":"","theme-transparent-header-meta":"","adv-header-id-meta":"","stick-header-meta":"","header-above-stick-meta":"","header-main-stick-meta":"","header-below-stick-meta":"","astra-migrate-meta-layouts":"","_themeisle_gutenberg_block_has_review":false,"footnotes":""},"class_list":["post-368","page","type-page","status-publish","hentry"],"rttpg_featured_image_url":null,"rttpg_author":{"display_name":"Danny y Andrea Lopez","author_link":"https:\/\/dannyyandrealopez.com\/en\/author\/dannyyandrea\/"},"rttpg_comment":0,"rttpg_category":"","rttpg_excerpt":"Blog \u00bfSonre\u00edr influye en nuestra vida? enero 23, 2025 \u201cLo que est\u00e1s buscando para mejorar tu vida podr\u00eda ser m\u00e1s simple de lo que imaginas\u201d Estar\u00e1s de&#8230; Leer mas \u00bfComo puede ayudarte en tu salud mental, el ser libre? enero 22, 2025 La libertad tiene un impacto significativo en la salud mental, ya que nos&hellip;","_links":{"self":[{"href":"https:\/\/dannyyandrealopez.com\/en\/wp-json\/wp\/v2\/pages\/368"}],"collection":[{"href":"https:\/\/dannyyandrealopez.com\/en\/wp-json\/wp\/v2\/pages"}],"about":[{"href":"https:\/\/dannyyandrealopez.com\/en\/wp-json\/wp\/v2\/types\/page"}],"author":[{"embeddable":true,"href":"https:\/\/dannyyandrealopez.com\/en\/wp-json\/wp\/v2\/users\/1"}],"replies":[{"embeddable":true,"href":"https:\/\/dannyyandrealopez.com\/en\/wp-json\/wp\/v2\/comments?post=368"}],"version-history":[{"count":64,"href":"https:\/\/dannyyandrealopez.com\/en\/wp-json\/wp\/v2\/pages\/368\/revisions"}],"predecessor-version":[{"id":777,"href":"https:\/\/dannyyandrealopez.com\/en\/wp-json\/wp\/v2\/pages\/368\/revisions\/777"}],"wp:attachment":[{"href":"https:\/\/dannyyandrealopez.com\/en\/wp-json\/wp\/v2\/media?parent=368"}],"curies":[{"name":"wp","href":"https:\/\/api.w.org\/{rel}","templated":true}]}}